{"id":10344,"date":"2021-10-29T15:57:31","date_gmt":"2021-10-29T13:57:31","guid":{"rendered":"http:\/\/kliumed.de\/?page_id=10344"},"modified":"2023-07-22T10:46:34","modified_gmt":"2023-07-22T08:46:34","slug":"ausleitung-toxischer-metalle","status":"publish","type":"page","link":"https:\/\/kliumed.de\/index.php\/ausleitung-toxischer-metalle\/","title":{"rendered":"Metallausleitung"},"content":{"rendered":"<div class=\"row \"><div class=\"wpv-grid grid-1-3  wpv-first-level first has-background unextended\" style=\"background-color:#fcfde0;padding-top:0px;padding-bottom:0px\" id=\"wpv-column-6ba5d4b0dbe900ed25bd91aeac91ac3a\" ><style scoped>#wpv-column-6ba5d4b0dbe900ed25bd91aeac91ac3a p,#wpv-column-6ba5d4b0dbe900ed25bd91aeac91ac3a em,#wpv-column-6ba5d4b0dbe900ed25bd91aeac91ac3a .column-title,#wpv-column-6ba5d4b0dbe900ed25bd91aeac91ac3a .sep-text h2.regular-title-wrapper,#wpv-column-6ba5d4b0dbe900ed25bd91aeac91ac3a .text-divider-double,#wpv-column-6ba5d4b0dbe900ed25bd91aeac91ac3a .sep-text .sep-text-line,#wpv-column-6ba5d4b0dbe900ed25bd91aeac91ac3a .sep,#wpv-column-6ba5d4b0dbe900ed25bd91aeac91ac3a .sep-2,#wpv-column-6ba5d4b0dbe900ed25bd91aeac91ac3a .sep-3,#wpv-column-6ba5d4b0dbe900ed25bd91aeac91ac3a td,#wpv-column-6ba5d4b0dbe900ed25bd91aeac91ac3a th,#wpv-column-6ba5d4b0dbe900ed25bd91aeac91ac3a caption{color:#cad10d;}#wpv-column-6ba5d4b0dbe900ed25bd91aeac91ac3a:before{background-color:transparent;}<\/style><div class=\"push\" style='height:30px'><\/div>\n<div class=\"services clearfix fullimage has-image has-icon no-button \" style=\"text-align:center;\">\n\t<div class=\"services-inside\">\n\t\t\t\t\t\t\t\t\t<div class=\"thumbnail\">\n\t\t\t\t\t\t\t\t\t\t\t\t\t\t\t\t\t\t<img loading=\"lazy\" decoding=\"async\" width=\"2400\" height=\"1600\" src=\"https:\/\/kliumed.de\/wp-content\/uploads\/2021\/10\/AdobeStock_366548962.jpg\" class=\"attachment-full size-full\" alt=\"\" srcset=\"https:\/\/kliumed.de\/wp-content\/uploads\/2021\/10\/AdobeStock_366548962.jpg 2400w, https:\/\/kliumed.de\/wp-content\/uploads\/2021\/10\/AdobeStock_366548962-450x300.jpg 450w, https:\/\/kliumed.de\/wp-content\/uploads\/2021\/10\/AdobeStock_366548962-300x200.jpg 300w, https:\/\/kliumed.de\/wp-content\/uploads\/2021\/10\/AdobeStock_366548962-1030x687.jpg 1030w, https:\/\/kliumed.de\/wp-content\/uploads\/2021\/10\/AdobeStock_366548962-600x400.jpg 600w, https:\/\/kliumed.de\/wp-content\/uploads\/2021\/10\/AdobeStock_366548962-1536x1024.jpg 1536w, https:\/\/kliumed.de\/wp-content\/uploads\/2021\/10\/AdobeStock_366548962-2048x1365.jpg 2048w, https:\/\/kliumed.de\/wp-content\/uploads\/2021\/10\/AdobeStock_366548962-1140x760.jpg 1140w, https:\/\/kliumed.de\/wp-content\/uploads\/2021\/10\/AdobeStock_366548962-555x370.jpg 555w, https:\/\/kliumed.de\/wp-content\/uploads\/2021\/10\/AdobeStock_366548962-360x240.jpg 360w, https:\/\/kliumed.de\/wp-content\/uploads\/2021\/10\/AdobeStock_366548962-262x175.jpg 262w, https:\/\/kliumed.de\/wp-content\/uploads\/2021\/10\/AdobeStock_366548962-1030x687@2x.jpg 2060w, https:\/\/kliumed.de\/wp-content\/uploads\/2021\/10\/AdobeStock_366548962-600x400@2x.jpg 1200w, https:\/\/kliumed.de\/wp-content\/uploads\/2021\/10\/AdobeStock_366548962-1140x760@2x.jpg 2280w, https:\/\/kliumed.de\/wp-content\/uploads\/2021\/10\/AdobeStock_366548962-555x370@2x.jpg 1110w, https:\/\/kliumed.de\/wp-content\/uploads\/2021\/10\/AdobeStock_366548962-360x240@2x.jpg 720w, https:\/\/kliumed.de\/wp-content\/uploads\/2021\/10\/AdobeStock_366548962-262x175@2x.jpg 524w\" sizes=\"auto, (max-width: 2400px) 100vw, 2400px\" \/>\t\t\t\t\t\t\t\t\t\t\t\t\t\t\t<\/div>\n\t\t\t\t\t\t\t\t\t<div class=\"sep-2\"><\/div>\n\t\t\t\t\t\t\t\t\t\t\t\t\t\t<h3 class=\"services-title\">\n\t\t\t\t\t\t\t\t\tBelastungen mit toxischen Metallen\t\t\t\t\t\t\t<\/h3>\n\t\t\t\t\t\t\t<div class=\"services-content\">\n<p style=\"text-align: center;\"><span style=\"color: #808080;\">Unsere Umwelt ist belastet mit giftigen (toxischen) Stoffen. Die <strong>Metalle<\/strong> spielen hierbei eine besondere Rolle, wobei <strong>Blei, Quecksilber, Cadmium und Aluminium<\/strong> die kritischsten sind. <strong>Gadolinium<\/strong>, welches als Kontrastmittel v.a. bei MRT-Untersuchungen eingesetzt wird, bekommt ebenfalls einen zunehmenden Stellenwert.<\/span><\/p>\n<p style=\"text-align: center;\"><span style=\"color: #808080;\">Die h\u00e4ufigsten <strong>Quellen<\/strong> toxischer Metalle sind u.a. alte Bleirohre (s. Bild), Amalgamf\u00fcllungen, Meerestiere und Zigarettenrauch. Aber auch belastetes Obst, Gem\u00fcse und selbst Wasser kann urs\u00e4chlich sein.\u00a0 \u00a0<\/span><\/div>\n\t\t\t\t\t<\/div>\n<\/div>\n<\/div>\n<div class=\"wpv-grid grid-2-3  wpv-first-level has-background unextended\" style=\"\n\t\t\t\tbackground: url( 'http:\/\/homepage-fuer-firmen.de\/bsp11\/wp-content\/uploads\/2014\/05\/logo-bg1.png' ) no-repeat center center;\n\t\t\t\tbackground-size: cover;\n\t\t\t\tbackground-attachment: ;\n\t\t\tpadding-top:12px;padding-bottom:50px\" id=\"wpv-column-2e3b0bf6e2f3ef51ac0c2f754867ede1\" ><blockquote>\n<h2>K\u00f6nnen giftige Metalle ausgeleitet werden ?<\/h2>\n<\/blockquote>\n<p style=\"text-align: left;\">Mittels sog. <strong>Chelat-Therapie<\/strong> werden <strong>sch\u00e4dliche (toxische) Metalle<\/strong> (wie z. Bsp. Quecksilber, Blei, Cadmium, Aluminium u.a.) im Gef\u00e4\u00dfsystem und Zwischenzellraum gebunden und \u00fcber die Nieren ausgeschieden. Hierzu setzen wir in unserer Praxis die <strong>Chelatoren<\/strong> Na-Ca-EDTA, DMPS, DMSA und Zink-DTPA ein. Diese werden \u00fcber die Vene (intraven\u00f6s) verabreicht, DMSA und DMPS k\u00f6nnen auch (ggf. auch zus\u00e4tzlich) in Kapselform, also oral verabreicht werden. Ziel der Behandlung ist die <strong>Reduktion der Metallbelastung<\/strong> und eine Besserung der Krankheitssymptome.<\/p>\n<blockquote>\n<h2>Was muss vor einer Chelat-Therapie beachtet werden ?<\/h2>\n<\/blockquote>\n<p>Vor Beginn der Metallausleitung erfolgen die ausf\u00fchrliche <strong>Anamnese und notwendige Voruntersuchungen<\/strong>. Hierbei wird u.a. laborchemisch festgestellt, wie die Leber- und Nierenfunktion ist, ob eine Blutarmut und Eisenmangel vorliegt oder ob ein Mineralstoffmangel besteht. Die Chelat-Therapie kann nur dann begonnen werden, wenn wichtige <strong>Mineralstoffe<\/strong> (u.a. Zink, Selen, Kalzium, Eisen) im Normbereich sind. Da diese durch die Chelatoren ebenfalls &#8211; aber ungewollt &#8211; ausgeschieden werden, ist eine <strong>Substitution<\/strong> dieser Mineralstoffe meist w\u00e4hrend eines Ausleitungszyklus erforderlich. Dies kann z. Bsp. auch in Form einer <strong>Aufbauinfusion<\/strong> erfolgen. Hier k\u00f6nnen dann zus\u00e4tzlich &#8211; die Entgiftung unterst\u00fctzende &#8211;\u00a0 Aminos\u00e4uren, <strong>Glutathion<\/strong> sowie alpha-Lipons\u00e4ure verabreicht werden.<\/p>\n<blockquote>\n<h2>Wie oft wird chelatiert ?<\/h2>\n<\/blockquote>\n<p>Je nach Schwere des Krankheitsbildes ist eine <strong>Anfangsserie von 5 bis 10 Infusionen<\/strong>\u00a0empfehlenswert. Danach k\u00f6nnen <strong>Erhaltungsinfusionen<\/strong> sinnvoll sein (z.B. 1x pro Monat). W\u00e4hrend eines Zyklus wird mittels <strong>Labortest<\/strong> immer wieder \u00fcberpr\u00fcft, ob der Mineralstoffspeicher voll ist und die Organe wie Leber- und Niere ausreichend stabil sind. Mit Hilfe von <strong>Urintests<\/strong> kann die ausgeschiedene toxische Metallkonzentration gemessen werden. Hier wird jeweils vor Beginn der Serie und nach Abschluss ein sog. chelatevozierter Metallexkretionstest<strong> (CEMET)<\/strong> durchgef\u00fchrt.<\/div><\/div>\n<div class=\"push\" style='height:30px'><\/div>\n\n\n<p><\/p>\n","protected":false},"excerpt":{"rendered":"<p>K\u00f6nnen giftige Metalle ausgeleitet werden ? Mittels sog. Chelat-Therapie werden sch\u00e4dliche (toxische) Metalle (wie z. Bsp. Quecksilber, Blei, Cadmium, Aluminium u.a.) im Gef\u00e4\u00dfsystem und Zwischenzellraum gebunden und \u00fcber die Nieren ausgeschieden. Hierzu setzen wir in unserer Praxis die Chelatoren Na-Ca-EDTA, DMPS, DMSA und Zink-DTPA ein. Diese werden \u00fcber die Vene (intraven\u00f6s) verabreicht, DMSA und DMPS&#8230;<\/p>\n","protected":false},"author":3,"featured_media":0,"parent":0,"menu_order":0,"comment_status":"closed","ping_status":"open","template":"","meta":{"footnotes":""},"class_list":["post-10344","page","type-page","status-publish"],"_links":{"self":[{"href":"https:\/\/kliumed.de\/index.php\/wp-json\/wp\/v2\/pages\/10344","targetHints":{"allow":["GET"]}}],"collection":[{"href":"https:\/\/kliumed.de\/index.php\/wp-json\/wp\/v2\/pages"}],"about":[{"href":"https:\/\/kliumed.de\/index.php\/wp-json\/wp\/v2\/types\/page"}],"author":[{"embeddable":true,"href":"https:\/\/kliumed.de\/index.php\/wp-json\/wp\/v2\/users\/3"}],"replies":[{"embeddable":true,"href":"https:\/\/kliumed.de\/index.php\/wp-json\/wp\/v2\/comments?post=10344"}],"version-history":[{"count":30,"href":"https:\/\/kliumed.de\/index.php\/wp-json\/wp\/v2\/pages\/10344\/revisions"}],"predecessor-version":[{"id":10984,"href":"https:\/\/kliumed.de\/index.php\/wp-json\/wp\/v2\/pages\/10344\/revisions\/10984"}],"wp:attachment":[{"href":"https:\/\/kliumed.de\/index.php\/wp-json\/wp\/v2\/media?parent=10344"}],"curies":[{"name":"wp","href":"https:\/\/api.w.org\/{rel}","templated":true}]}}