{"id":11286,"date":"2025-03-16T16:55:51","date_gmt":"2025-03-16T14:55:51","guid":{"rendered":"https:\/\/kliumed.de\/?page_id=11286"},"modified":"2025-03-16T19:44:06","modified_gmt":"2025-03-16T17:44:06","slug":"leistungsdiagnostik","status":"publish","type":"page","link":"https:\/\/kliumed.de\/index.php\/leistungsdiagnostik\/","title":{"rendered":"Leistungsdiagnostik \/ Spiroergometrie"},"content":{"rendered":"<div class=\"row \"><div class=\"wpv-grid grid-3-5  wpv-first-level first unextended\" style=\"padding-top:0px;padding-bottom:0px\" id=\"wpv-column-1475cd47938b2099b9239ac5235b9b23\" >\t\t<div class=\"sep-text single centered\">\n\t\t\t\t\t\t\t<span class=\"sep-text-before\"><div class=\"sep-text-line\"><\/div><\/span>\n\t\t\t\t\t\t<div class=\"content\">\n\t\t\t\t<h2 class=\"text-divider-double\">\nWas ist Spiroergometrie?<\/h2>\t\t\t<\/div>\n\t\t\t<span class=\"sep-text-after\"><div class=\"sep-text-line\"><\/div><\/span>\n\t\t\t\t\t<\/div>\n\t\n<p style=\"text-align: left;\"><span style=\"color: #808080;\">Die <strong>Spiroergometrie<\/strong> ist ein hochmodernes Diagnoseverfahren, das die Funktion von <strong>Herz, Lunge und Muskulatur unter Belastung<\/strong> misst. Sie liefert detaillierte Erkenntnisse \u00fcber die k\u00f6rperliche <strong>Leistungsf\u00e4higkeit<\/strong> und ist sowohl im Gesundheits- als auch im Sportbereich unverzichtbar. <\/span><br \/><span style=\"color: #808080;\">Die Spiroergometrie ist eine Belastungsuntersuchung, bei der <strong>Atemgase (Sauerstoffaufnahme und Kohlendioxidabgabe)<\/strong> sowie Herz-Kreislauf-Parameter w\u00e4hrend einer k\u00f6rperlichen Belastung gemessen werden.<br \/>Mittels <strong>indirekter Kalorimetrie <\/strong>erfolgt die pr\u00e4zise <strong>Bestimmung des Ruheenergieumsatzes<\/strong> zur Optimierung von Ern\u00e4hrungs- und Trainingsstrategien.<\/span><\/p>\n<h3 style=\"text-align: left;\"><span style=\"color: #808080;\"><strong>Ziele der Untersuchung:<\/strong><\/span><\/h3>\n<p style=\"text-align: left;\"><span style=\"color: #808080;\">&#8211; Bestimmung der <strong>maximalen Sauerstoffaufnahme (VO2max)<\/strong><\/span><br \/><span style=\"color: #808080;\">&#8211; Analyse der<strong> Herz- und Lungenfunktion<\/strong><\/span><br \/><span style=\"color: #808080;\">&#8211; Ermittlung der <strong>ventilatorischen Schwellen<\/strong><\/span><br \/><span style=\"color: #808080;\">&#8211; Bewertung der <strong>muskul\u00e4ren Sauerstoffverwertung<\/strong><\/span><\/p>\n<h2 style=\"text-align: left;\"><span style=\"color: #808080;\"><strong>Wie l\u00e4uft die Untersuchung ab?<\/strong><\/span><\/h2>\n<p><span style=\"color: #808080;\"><strong>Vorbereitung: <\/strong>Die Untersuchung bei uns erfolgt auf einem <strong>Fahrradergometer<\/strong>. Sie tragen eine <strong>Atemmaske<\/strong>, um die Atemgase zu messen. <strong>\u00dcberwacht<\/strong> werden die Herzaktivit\u00e4t mittels EKG, sowie der Blutdruck.<\/span><\/p>\n<p><span style=\"color: #808080;\"><strong>Belastungsstufen: <\/strong>Die <strong>Intensit\u00e4t<\/strong> wird <strong>schrittweise gesteiger<\/strong>t, bis eine maximale Belastung erreicht ist. Die Untersuchung wird kontinuierlich \u00fcberwacht, um Ihre <strong>Sicherheit<\/strong> zu gew\u00e4hrleisten.<\/span><\/p>\n<p><span style=\"color: #808080;\"><strong>Auswertung: <\/strong>Analyse der Atemgase, Herzfrequenz und Blutdruck. Bestimmung der individuellen ventilatorischen Schwellen.<\/span><\/p>\n<h2><span style=\"color: #808080;\"><strong>Indikationen f\u00fcr die Spiroergometrie<\/strong><\/span><\/h2>\n<p><span style=\"color: #808080;\"><strong>Gesundheits\u00fcberpr\u00fcfung: <br \/><\/strong><\/span><span style=\"color: #808080;\">&#8211; Erkennung von <strong>Herz-Kreislauf- und Lungenfunktionsst\u00f6rungen. <br \/><\/strong>&#8211; Bewertung der allgemeinen <strong>Fitness<\/strong>.<\/span><\/p>\n<p><span style=\"color: #808080;\"><strong>Sportmedizin: <br \/><\/strong><\/span><span style=\"color: #808080;\">&#8211; Optimierung der <strong>Trainingssteuerung<\/strong>. <br \/>&#8211; Kontrolle der <strong>Leistungsentwicklung<\/strong>.<\/span><\/p>\n<p><span style=\"color: #808080;\"><strong>Medizinische Anwendungen:<br \/><\/strong><\/span><span style=\"color: #808080;\">&#8211; Abkl\u00e4rung von <strong>Atemnot oder Ersch\u00f6pfungssymptomen.<br \/><\/strong>&#8211; Verlaufskontrolle bei <strong>Herz-Kreislauf- und Lungenerkrankungen<\/strong>.<br \/>&#8211; Management von <strong>Long\/Post-COVID und chronischen Ersch\u00f6pfungssyndromen<\/strong>.<\/span><\/div>\n<div class=\"wpv-grid grid-2-5  wpv-first-level unextended\" style=\"padding-top:0px;padding-bottom:0px\" id=\"wpv-column-bc9fec0ce9b68c1fea49eb79911f013e\" ><div class=\"services clearfix fullimage has-image has-icon no-button \" style=\"text-align:center;\">\n\t<div class=\"services-inside\">\n\t\t\t\t\t\t\t\t\t<div class=\"thumbnail\">\n\t\t\t\t\t\t\t\t\t\t\t\t\t\t\t\t\t\t<img loading=\"lazy\" decoding=\"async\" width=\"1000\" height=\"1500\" src=\"https:\/\/kliumed.de\/wp-content\/uploads\/2025\/03\/Spiroergo1.jpg\" class=\"attachment-full size-full\" alt=\"\" srcset=\"https:\/\/kliumed.de\/wp-content\/uploads\/2025\/03\/Spiroergo1.jpg 1000w, https:\/\/kliumed.de\/wp-content\/uploads\/2025\/03\/Spiroergo1-200x300.jpg 200w, https:\/\/kliumed.de\/wp-content\/uploads\/2025\/03\/Spiroergo1-687x1030.jpg 687w, https:\/\/kliumed.de\/wp-content\/uploads\/2025\/03\/Spiroergo1-555x833.jpg 555w, https:\/\/kliumed.de\/wp-content\/uploads\/2025\/03\/Spiroergo1-360x540.jpg 360w, https:\/\/kliumed.de\/wp-content\/uploads\/2025\/03\/Spiroergo1-262x393.jpg 262w, https:\/\/kliumed.de\/wp-content\/uploads\/2025\/03\/Spiroergo1-200x300@2x.jpg 400w\" sizes=\"auto, (max-width: 1000px) 100vw, 1000px\" \/>\t\t\t\t\t\t\t\t\t\t\t\t\t\t\t<\/div>\n\t\t\t\t\t\t\t\t\t<div class=\"sep-2\"><\/div>\n\t\t\t\t\t\t\t\t\t\t\t\t\t\t\t\t<div class=\"services-content\">\n<p style=\"text-align: center;\"><span style=\"color: #808080;\">Messung auf dem <strong>Fahrradergometer<br \/><\/strong><br \/>Hier wird im <strong>Rampen- oder Stufentest<\/strong> die Belastung zunehmend gesteigert. <br \/>Gerade <strong>\u00e4ltere<\/strong>, sehr <strong>ersch\u00f6pfte<\/strong> sowie <strong>polymorbide<\/strong> Patienten f\u00fchlen sich hier <strong>sicherer<\/strong> als auf einem Laufband.<\/span><\/div>\n\t\t\t\t\t<\/div>\n<\/div>\n<\/div><\/div>\n<div>\u00a0<\/div>\n<div>\n<div class=\"row \"><div class=\"wpv-grid grid-2-5  wpv-first-level first unextended\" style=\"padding-top:0px;padding-bottom:0px\" id=\"wpv-column-80f2f284f39acc7366681f4751fc5fe8\" ><div class=\"services clearfix fullimage has-image has-icon no-button \" style=\"text-align:center;\">\n\t<div class=\"services-inside\">\n\t\t\t\t\t\t\t\t\t<div class=\"thumbnail\">\n\t\t\t\t\t\t\t\t\t\t\t\t\t\t\t\t\t\t<img loading=\"lazy\" decoding=\"async\" width=\"1500\" height=\"1000\" src=\"https:\/\/kliumed.de\/wp-content\/uploads\/2025\/03\/Spiroergo3.jpg\" class=\"attachment-full size-full\" alt=\"\" srcset=\"https:\/\/kliumed.de\/wp-content\/uploads\/2025\/03\/Spiroergo3.jpg 1500w, https:\/\/kliumed.de\/wp-content\/uploads\/2025\/03\/Spiroergo3-300x200.jpg 300w, https:\/\/kliumed.de\/wp-content\/uploads\/2025\/03\/Spiroergo3-1030x687.jpg 1030w, https:\/\/kliumed.de\/wp-content\/uploads\/2025\/03\/Spiroergo3-1140x760.jpg 1140w, https:\/\/kliumed.de\/wp-content\/uploads\/2025\/03\/Spiroergo3-555x370.jpg 555w, https:\/\/kliumed.de\/wp-content\/uploads\/2025\/03\/Spiroergo3-360x240.jpg 360w, https:\/\/kliumed.de\/wp-content\/uploads\/2025\/03\/Spiroergo3-262x175.jpg 262w, https:\/\/kliumed.de\/wp-content\/uploads\/2025\/03\/Spiroergo3-300x200@2x.jpg 600w\" sizes=\"auto, (max-width: 1500px) 100vw, 1500px\" \/>\t\t\t\t\t\t\t\t\t\t\t\t\t\t\t<\/div>\n\t\t\t\t\t\t\t\t\t<div class=\"sep-2\"><\/div>\n\t\t\t\t\t\t\t\t\t\t\t\t\t\t\t\t<div class=\"services-content\">\n<p style=\"text-align: center;\"><span style=\"color: #808080;\">Wir nutzen das <strong>Spiroergometriesystem Metalyzer 3B von Cortex<\/strong>.<br \/><\/span><span style=\"color: #808080;\">Um valide Werte der Atemgase zu erhalten, muss die <strong>Maske dicht<\/strong> aufsitzen. <br \/>\u00dcber eine <strong>Einwegturbine<\/strong> und feine Messf\u00fchler werden die Werte an die Software \u00fcbermittelt.<\/span><\/div>\n\t\t\t\t\t<\/div>\n<\/div>\n<\/div>\n<div class=\"wpv-grid grid-3-5  wpv-first-level unextended\" style=\"padding-top:0px;padding-bottom:0px\" id=\"wpv-column-ea91b9622a2f9a442344f1840f1ff25c\" >\t\t<div class=\"sep-text single centered\">\n\t\t\t\t\t\t\t<span class=\"sep-text-before\"><div class=\"sep-text-line\"><\/div><\/span>\n\t\t\t\t\t\t<div class=\"content\">\n\t\t\t\t<h2 class=\"text-divider-double\">\nVentilatorische Schwellen &#8211; was bedeuten sie?<\/h2>\t\t\t<\/div>\n\t\t\t<span class=\"sep-text-after\"><div class=\"sep-text-line\"><\/div><\/span>\n\t\t\t\t\t<\/div>\n\t\n<p><span style=\"color: #808080;\">Die <strong>ventilatorischen Schwellen<\/strong> sind zentrale Parameter der Spiroergometrie. Sie beschreiben, bei welchen Belastungsintensit\u00e4ten der Stoffwechsel von einer <strong>\u00fcberwiegend<\/strong> <strong>aeroben<\/strong> (sauerstoffabh\u00e4ngigen) Energiegewinnung zu einer <strong>zunehmenden anaeroben<\/strong> (sauerstoffunabh\u00e4ngigen) Energiegewinnung wechselt.<\/span><\/p>\n<h3><span style=\"color: #808080;\"><strong>Aerobe Schwelle (Ventilatorische Schwelle 1, VT1)<\/strong><\/span><\/h3>\n<p><span style=\"color: #808080;\">Die aerobe Schwelle markiert den Punkt, an dem der K\u00f6rper beginnt, <strong>zunehmend Milchs\u00e4ure (Laktat)<\/strong> aus Kohlenhydraten zu bilden und diese als Energiequelle heranzieht.<\/span><\/p>\n<p><span style=\"color: #808080;\"><strong>Bedeutung: <\/strong>Optimale Belastungsintensit\u00e4t f\u00fcr <strong>langandauernde Ausdaueraktivit\u00e4ten<\/strong>. Relevanter Bereich f\u00fcr <strong>gesundheitsorientiertes Training und Rehabilitation<\/strong>.<\/span><\/p>\n<p><span style=\"color: #808080;\"><strong>Physiologische Zeichen: <\/strong>Leichte Steigerung der Atemfrequenz. Geringer Anstieg der Laktatkonzentration im Blut.<\/span><\/p>\n<h3><span style=\"color: #808080;\"><strong style=\"font-size: revert;\">Anaerobe Schwelle (Ventilatorische Schwelle 2, VT2)<\/strong><\/span><\/h3>\n<p><span style=\"color: #808080;\"><span style=\"font-size: revert;\">Die anaerobe Schwelle ist der Punkt, an dem die <strong>Laktatproduktion die Kapazit\u00e4t des K\u00f6rpers<\/strong> zur Laktatelimination <strong>\u00fcbersteigt<\/strong>. Dies f\u00fchrt zu einem rapiden Anstieg der Laktatkonzentration im Blut und einer <strong>verst\u00e4rkten Atemaktivierung.<\/strong><\/span><\/span><\/p>\n<p><span style=\"color: #808080;\"><strong>Bedeutung: <\/strong><span style=\"font-size: revert;\">H\u00f6chste Intensit\u00e4t, <\/span><span style=\"font-size: revert;\">Grundlage f\u00fcr intensive Trainingseinheiten zur Verbesserung der Leistungsf\u00e4higkeit.<\/span><\/span><\/p>\n<p><span style=\"color: #808080;\"><strong>Physiologische Zeichen: <\/strong><span style=\"font-size: revert;\">Deutlich sp\u00fcrbarer Anstieg der Atemfrequenz. <\/span><span style=\"font-size: revert;\">Belastungsgef\u00fchl wird intensiver bzw. massiv.<\/span><\/span><\/div><\/div>\n<\/div>\n\t\t<div class=\"sep-text single centered\">\n\t\t\t\t\t\t\t<span class=\"sep-text-before\"><div class=\"sep-text-line\"><\/div><\/span>\n\t\t\t\t\t\t<div class=\"content\">\n\t\t\t\t<h2 class=\"text-divider-double\">\nHIIT und polarisiertes Training<\/h2>\t\t\t<\/div>\n\t\t\t<span class=\"sep-text-after\"><div class=\"sep-text-line\"><\/div><\/span>\n\t\t\t\t\t<\/div>\n\t\n<div class=\"row \"><div class=\"wpv-grid grid-4-5  wpv-first-level first unextended\" style=\"padding-top:0px;padding-bottom:0px\" id=\"wpv-column-61bd7e2a5cf5c42303230ab705b0f841\" ><h4><span style=\"color: #808080;\"><strong>High-Intensity Interval Training (HIIT):<\/strong><\/span><\/h4>\n<p><span style=\"color: #808080;\">HIIT ist eine Trainingsmethode, bei der <strong>kurze, intensive Belastungsphasen mit Erholungsphasen<\/strong> kombiniert werden. Die Spiroergometrie hilft dabei, die optimalen Intensit\u00e4ten f\u00fcr die Belastungs- und Erholungsphasen zu definieren.<br \/><\/span><span style=\"color: #808080;\"><strong>Vorteile: <\/strong>Steigerung der VO2max und Verbesserung der anaeroben Kapazit\u00e4t. Effektives Training bei begrenztem Zeitaufwand. Positive Effekte auf Herz-Kreislauf-Gesundheit und Stoffwechsel.<\/span><\/p>\n<h4><span style=\"color: #808080;\"><strong>Polarisiertes Training:<\/strong><\/span><\/h4>\n<p><span style=\"color: #808080;\">Beim polarisierten Training werden etwa <strong>80 % des Trainings in niedriger Intensit\u00e4t<\/strong> (unterhalb VT1) <strong>und 20 % in hoher Intensit\u00e4t<\/strong> (nahe oder \u00fcber VT2) absolviert.<br \/><\/span><span style=\"color: #808080;\"><strong>Vorteile: <\/strong>Verbesserte aerobe Kapazit\u00e4t und Effizienz. Reduktion des Verletzungsrisikos durch geringere mittlere Intensit\u00e4t. Optimale Anpassung f\u00fcr Ausdauersportler.<\/span><\/p>\n<h4><span style=\"color: #808080;\"><strong>Wissenschaftliche Grundlage:<\/strong><\/span><\/h4>\n<p><span style=\"color: #808080;\">Studien zeigen, dass <strong>polarisiertes Training<\/strong> besonders effektiv zur Steigerung der <strong>Ausdauerleistungsf\u00e4higkeit<\/strong> ist (z. B. Seiler, 2010). <strong>HIIT<\/strong> wird <strong>ebenfalls<\/strong> vielfach als effektive Methode zur Leistungssteigerung und metabolischen Anpassung best\u00e4tigt (z. B. Gibala &amp; Little, 2012).<\/span><\/div>\n<div class=\"wpv-grid grid-1-5  wpv-first-level unextended\" style=\"padding-top:0px;padding-bottom:0px\" id=\"wpv-column-c7c82855face1ff5719960320fa4fe69\" ><div class=\"services clearfix fullimage has-image has-icon no-button \" style=\"text-align:center;\">\n\t<div class=\"services-inside\">\n\t\t\t\t\t\t\t\t\t<div class=\"thumbnail\">\n\t\t\t\t\t\t\t\t\t\t\t\t\t\t\t\t\t\t<img loading=\"lazy\" decoding=\"async\" width=\"1000\" height=\"1500\" src=\"https:\/\/kliumed.de\/wp-content\/uploads\/2025\/03\/Spiroergo2.jpg\" class=\"attachment-full size-full\" alt=\"\" srcset=\"https:\/\/kliumed.de\/wp-content\/uploads\/2025\/03\/Spiroergo2.jpg 1000w, https:\/\/kliumed.de\/wp-content\/uploads\/2025\/03\/Spiroergo2-200x300.jpg 200w, https:\/\/kliumed.de\/wp-content\/uploads\/2025\/03\/Spiroergo2-687x1030.jpg 687w, https:\/\/kliumed.de\/wp-content\/uploads\/2025\/03\/Spiroergo2-555x833.jpg 555w, https:\/\/kliumed.de\/wp-content\/uploads\/2025\/03\/Spiroergo2-360x540.jpg 360w, https:\/\/kliumed.de\/wp-content\/uploads\/2025\/03\/Spiroergo2-262x393.jpg 262w, https:\/\/kliumed.de\/wp-content\/uploads\/2025\/03\/Spiroergo2-200x300@2x.jpg 400w\" sizes=\"auto, (max-width: 1000px) 100vw, 1000px\" \/>\t\t\t\t\t\t\t\t\t\t\t\t\t\t\t<\/div>\n\t\t\t\t\t\t\t\t\t<div class=\"sep-2\"><\/div>\n\t\t\t\t\t\t\t\t\t\t\t\t\t\t\t\t<div class=\"services-content\">\n<\/div>\n\t\t\t\t\t<\/div>\n<\/div>\n<\/div><\/div>\n<div>\n<div class=\"row \"><div class=\"wpv-grid grid-1-5  wpv-first-level first unextended\" style=\"padding-top:0px;padding-bottom:0px\" id=\"wpv-column-15e87686d69cffd7a70ff77b14e3d4ca\" ><div class=\"services clearfix fullimage has-image has-icon no-button \" style=\"text-align:center;\">\n\t<div class=\"services-inside\">\n\t\t\t\t\t\t\t\t\t<div class=\"thumbnail\">\n\t\t\t\t\t\t\t\t\t\t\t\t\t\t\t\t\t\t<img loading=\"lazy\" decoding=\"async\" width=\"419\" height=\"419\" src=\"https:\/\/kliumed.de\/wp-content\/uploads\/2023\/04\/mitochondria.png\" class=\"attachment-full size-full\" alt=\"\" srcset=\"https:\/\/kliumed.de\/wp-content\/uploads\/2023\/04\/mitochondria.png 419w, https:\/\/kliumed.de\/wp-content\/uploads\/2023\/04\/mitochondria-300x300.png 300w, https:\/\/kliumed.de\/wp-content\/uploads\/2023\/04\/mitochondria-80x80.png 80w, https:\/\/kliumed.de\/wp-content\/uploads\/2023\/04\/mitochondria-60x60.png 60w, https:\/\/kliumed.de\/wp-content\/uploads\/2023\/04\/mitochondria-43x43.png 43w, https:\/\/kliumed.de\/wp-content\/uploads\/2023\/04\/mitochondria-360x360.png 360w, https:\/\/kliumed.de\/wp-content\/uploads\/2023\/04\/mitochondria-262x262.png 262w, https:\/\/kliumed.de\/wp-content\/uploads\/2023\/04\/mitochondria-80x80@2x.png 160w\" sizes=\"auto, (max-width: 419px) 100vw, 419px\" \/>\t\t\t\t\t\t\t\t\t\t\t\t\t\t\t<\/div>\n\t\t\t\t\t\t\t\t\t<div class=\"sep-2\"><\/div>\n\t\t\t\t\t\t\t\t\t\t\t\t\t\t\t\t<div class=\"services-content\">\n<p style=\"text-align: center;\"><span style=\"color: #808080;\">Mitochondrien<\/span><\/div>\n\t\t\t\t\t<\/div>\n<\/div>\n<\/div>\n<div class=\"wpv-grid grid-4-5  wpv-first-level unextended\" style=\"padding-top:0px;padding-bottom:0px\" id=\"wpv-column-70634ad2142cc082a200325c8702659b\" >\t\t<div class=\"sep-text single centered\">\n\t\t\t\t\t\t\t<span class=\"sep-text-before\"><div class=\"sep-text-line\"><\/div><\/span>\n\t\t\t\t\t\t<div class=\"content\">\n\t\t\t\t<h2 class=\"text-divider-double\">\nWelche Rolle spielt die Muskulatur?<\/h2>\t\t\t<\/div>\n\t\t\t<span class=\"sep-text-after\"><div class=\"sep-text-line\"><\/div><\/span>\n\t\t\t\t\t<\/div>\n\t\n<p style=\"text-align: left;\"><span style=\"color: #808080;\">Die Spiroergometrie erlaubt auch eine Einsch\u00e4tzung der <strong>muskul\u00e4ren Sauerstoffverwertun<\/strong>g. <\/span><span style=\"color: #808080;\">Dies ist besonders wichtig f\u00fcr:<\/span><\/p>\n<ul>\n<li style=\"text-align: left;\"><span style=\"color: #808080;\"><strong>Trainingsplanung:<\/strong> Verbesserung der muskul\u00e4ren Effizienz durch gezielte \u00dcbungen.<\/span><\/li>\n<li style=\"text-align: left;\"><span style=\"color: #808080;\"><strong>Diagnostik:<\/strong> Erkennung von muskul\u00e4ren Schw\u00e4chen oder Erm\u00fcdungszust\u00e4nden.<\/span><\/li>\n<li style=\"text-align: left;\"><span style=\"color: #808080;\"><strong>Therapie:<\/strong> Ma\u00dfnahmen zur F\u00f6rderung der muskul\u00e4ren Regeneration und Leistungsf\u00e4higkeit.<\/span><\/li>\n<\/ul><\/div><\/div>\n<\/div>\n<div>\u00a0<\/div>\n<hr \/>\n<h4><span style=\"color: #808080;\"><strong>Referenzen<\/strong><\/span><\/h4>\n<p><span style=\"color: #808080;\">Seiler, S. (2010). What is Best Practice for Training Intensity and Duration Distribution in Endurance Athletes? <em>International Journal of Sports Physiology and Performance<\/em>, 5(3), 276-291.<\/span><br \/><span style=\"color: #808080;\">Gibala, M. J., &amp; Little, J. P. (2012). Just HIT It! A Practical Guide to High-Intensity Interval Training. <em>Physiology<\/em>, 27(3), 117-125.<\/span><br \/><span style=\"color: #808080;\">Meyer, T., et al. (2005). Ventilatory Thresholds: Methodological Considerations and Clinical Relevance. <em>Medicine &amp; Science in Sports &amp; Exercise<\/em>, 37(7), 1013-1019.<\/span><br \/><span style=\"color: #808080;\">St\u00f6ggl, T., &amp; Sperlich, B. (2014). Polarized Training Has Greater Impact on Key Endurance Variables than Threshold, High-Intensity, or High-Volume Training. <em>Frontiers in Physiology<\/em>, 5, 33.<\/span><br \/><span style=\"color: #808080;\">MacInnis, D. J., &amp; Gibala, M. J. (2017). Physiological Adaptations to Interval Training and the Role of Exercise Intensity. <em>Journal of Physiology<\/em>, 595(9), 2915-2930.<\/span><br \/><span style=\"color: #808080;\">Jones, A. M., et al. (2010). The Slow Component of Oxygen Uptake Kinetics: Mechanistic Basis and Practical Applications. <em>Medicine &amp; Science in Sports &amp; Exercise<\/em>, 42(11), 2164-2170.<\/span><\/p>\n\n\n<p><\/p>\n","protected":false},"excerpt":{"rendered":"<p>Die Spiroergometrie ist ein hochmodernes Diagnoseverfahren, das die Funktion von Herz, Lunge und Muskulatur unter Belastung misst. Sie liefert detaillierte Erkenntnisse \u00fcber die k\u00f6rperliche Leistungsf\u00e4higkeit und ist sowohl im Gesundheits- als auch im Sportbereich unverzichtbar. Die Spiroergometrie ist eine Belastungsuntersuchung, bei der Atemgase (Sauerstoffaufnahme und Kohlendioxidabgabe) sowie Herz-Kreislauf-Parameter w\u00e4hrend einer k\u00f6rperlichen Belastung gemessen werden.Mittels indirekter&#8230;<\/p>\n","protected":false},"author":3,"featured_media":0,"parent":0,"menu_order":0,"comment_status":"closed","ping_status":"closed","template":"","meta":{"footnotes":""},"class_list":["post-11286","page","type-page","status-publish"],"_links":{"self":[{"href":"https:\/\/kliumed.de\/index.php\/wp-json\/wp\/v2\/pages\/11286","targetHints":{"allow":["GET"]}}],"collection":[{"href":"https:\/\/kliumed.de\/index.php\/wp-json\/wp\/v2\/pages"}],"about":[{"href":"https:\/\/kliumed.de\/index.php\/wp-json\/wp\/v2\/types\/page"}],"author":[{"embeddable":true,"href":"https:\/\/kliumed.de\/index.php\/wp-json\/wp\/v2\/users\/3"}],"replies":[{"embeddable":true,"href":"https:\/\/kliumed.de\/index.php\/wp-json\/wp\/v2\/comments?post=11286"}],"version-history":[{"count":66,"href":"https:\/\/kliumed.de\/index.php\/wp-json\/wp\/v2\/pages\/11286\/revisions"}],"predecessor-version":[{"id":11394,"href":"https:\/\/kliumed.de\/index.php\/wp-json\/wp\/v2\/pages\/11286\/revisions\/11394"}],"wp:attachment":[{"href":"https:\/\/kliumed.de\/index.php\/wp-json\/wp\/v2\/media?parent=11286"}],"curies":[{"name":"wp","href":"https:\/\/api.w.org\/{rel}","templated":true}]}}