{"id":11807,"date":"2026-04-18T21:29:16","date_gmt":"2026-04-18T19:29:16","guid":{"rendered":"https:\/\/kliumed.de\/?page_id=11807"},"modified":"2026-04-26T11:13:03","modified_gmt":"2026-04-26T09:13:03","slug":"teilnahme-und-stornierungsbedingungen","status":"publish","type":"page","link":"https:\/\/kliumed.de\/index.php\/teilnahme-und-stornierungsbedingungen\/","title":{"rendered":"Teilnahme- und Stornierungsbedingungen"},"content":{"rendered":"<p class=\"isSelectedEnd\"><strong>1. Anmeldung und Vertragsschluss<\/strong><br \/>Das von Ihnen ausgew\u00e4hlte Webinar ist kostenpflichtig. Es gilt die im Anmeldeformular angegebene Teilnahmegeb\u00fchr.<\/p>\n<p class=\"isSelectedEnd\">Mit Absenden des Anmeldeformulars geben Sie ein verbindliches Angebot zur Teilnahme am Webinar ab. Nach Ihrer Anmeldung erhalten Sie eine E-Mail mit weiteren Informationen sowie einer Zahlungsaufforderung.<\/p>\n<div contenteditable=\"false\"><hr \/><\/div>\n<p class=\"isSelectedEnd\"><strong>2. Zahlungsbedingungen<\/strong><br \/>Die Teilnahmegeb\u00fchr wird mit Zugang der Zahlungsaufforderung f\u00e4llig.<\/p>\n<p class=\"isSelectedEnd\">Die Zahlungsabwicklung erfolgt wahlweise per PayPal oder Bank\u00fcberweisung.<\/p>\n<p class=\"isSelectedEnd\">Die Teilnahme am Webinar ist erst nach vollst\u00e4ndigem Zahlungseingang m\u00f6glich. Die Zugangsdaten zum Webinar werden Ihnen nach Zahlungseingang zur Verf\u00fcgung gestellt.<\/p>\n<p class=\"isSelectedEnd\">Erfolgt die Zahlung nicht innerhalb der angegebenen Frist, behalten wir uns vor, den Teilnahmeplatz anderweitig zu vergeben.<\/p>\n<div contenteditable=\"false\"><hr \/><\/div>\n<p class=\"isSelectedEnd\"><strong>3. Stornierung<\/strong><br \/>Sie k\u00f6nnen Ihre Anmeldung jederzeit bis zum Beginn des Webinars stornieren.<\/p>\n<p class=\"isSelectedEnd\">Im Falle einer Stornierung behalten wir uns vor, eine angemessene Bearbeitungsgeb\u00fchr zu erheben. Bereits gezahlte Teilnahmegeb\u00fchren werden abz\u00fcglich dieser Geb\u00fchr erstattet.<\/p>\n<p class=\"isSelectedEnd\">Nach Beginn des Webinars ist eine Stornierung ausgeschlossen. Auch bei Nicht-Teilnahme besteht kein Anspruch auf R\u00fcckerstattung.<\/p>\n<div contenteditable=\"false\"><hr \/><\/div>\n<p class=\"isSelectedEnd\"><strong>4. Absage oder \u00c4nderung des Webinars<\/strong><br \/>Wir behalten uns vor, das Webinar aus wichtigen Gr\u00fcnden (z. B. Erkrankung des Referenten, technische St\u00f6rungen) abzusagen oder zu verschieben.<\/p>\n<p class=\"isSelectedEnd\">Bereits gezahlte Teilnahmegeb\u00fchren werden in diesem Fall vollst\u00e4ndig erstattet oder auf einen Ersatztermin angerechnet.<\/p>\n<div contenteditable=\"false\"><hr \/><\/div>\n<p class=\"isSelectedEnd\"><strong>5. Aufzeichnung und Bereitstellung des Webinars<\/strong><br \/>Das Webinar wird aufgezeichnet.<\/p>\n<p class=\"isSelectedEnd\">Die Aufzeichnung wird den Teilnehmern im Anschluss an das Webinar f\u00fcr einen begrenzten Zeitraum (in der Regel 7 Tage) zum Abruf zur Verf\u00fcgung gestellt.<\/p>\n<p class=\"isSelectedEnd\">Ein Anspruch auf dar\u00fcberhinausgehende Verf\u00fcgbarkeit besteht nicht.<\/p>\n<p class=\"isSelectedEnd\">Die Aufzeichnung ist ausschlie\u00dflich f\u00fcr den pers\u00f6nlichen Gebrauch bestimmt. Eine Weitergabe der Aufzeichnung oder des Zugangslinks an Dritte ist nicht gestattet.<\/p>\n<div contenteditable=\"false\"><hr \/><\/div>\n<p class=\"isSelectedEnd\"><strong>6. Technische Durchf\u00fchrung<\/strong><br \/>Die Durchf\u00fchrung des Webinars erfolgt \u00fcber die Plattform Zoom.<\/p>\n<p class=\"isSelectedEnd\">F\u00fcr die Teilnahme ist eine stabile Internetverbindung sowie ein geeignetes Endger\u00e4t erforderlich. Ein Anspruch auf Teilnahme bei technischen Problemen auf Seiten des Teilnehmers besteht nicht.<\/p>\n<div contenteditable=\"false\"><hr \/><\/div>\n<p class=\"isSelectedEnd\"><strong>7. Teilnahmeverhalten<\/strong><br \/>Die Teilnehmer verpflichten sich, im Rahmen des Webinars keine rechtswidrigen oder unangemessenen Inhalte zu verbreiten.<\/p>\n<p class=\"isSelectedEnd\">Insbesondere wird darauf hingewiesen, dass keine sensiblen personenbezogenen Daten (z. B. Gesundheitsdaten Dritter) \u00fcber Chat oder Wortmeldungen geteilt werden sollen.<\/p>\n<div contenteditable=\"false\"><hr \/><\/div>\n<p class=\"isSelectedEnd\"><strong>8. Verweis auf Datenschutz und Impressum<\/strong><br \/>Weitere Informationen zur Verarbeitung personenbezogener Daten finden Sie in den Datenschutzhinweisen.<\/p>\n<p>Angaben zum Anbieter finden Sie im Impressum:<br \/><a href=\"https:\/\/kliumed.de\/index.php\/impressum\/\">https:\/\/kliumed.de\/index.php\/impressum\/<\/a><\/p>\n<hr \/>\n<p class=\"isSelectedEnd\"><strong>9. Kommunikation<\/strong><\/p>\n<p class=\"isSelectedEnd\">Die Kommunikation im Zusammenhang mit der Anmeldung und Durchf\u00fchrung von Webinaren und Workshops erfolgt in der Regel \u00fcber die bei der Anmeldung angegebenen Kontaktdaten (insbesondere E-Mail).<\/p>\n<p class=\"isSelectedEnd\">Eine Kommunikation \u00fcber soziale Netzwerke (z. B. Facebook) ist nicht Bestandteil der vertraglichen Leistung. Wir bitten darum, \u00fcber diese Kan\u00e4le keine personenbezogenen Daten, insbesondere keine sensiblen Gesundheitsdaten, zu \u00fcbermitteln.<\/p>\n<p>F\u00fcr individuelle Anfragen nutzen Sie bitte die Kontaktm\u00f6glichkeiten \u00fcber unsere Website oder die angegebenen Kontaktdaten.<\/p>\n\n\n<p><\/p>\n","protected":false},"excerpt":{"rendered":"<p>1. Anmeldung und VertragsschlussDas von Ihnen ausgew\u00e4hlte Webinar ist kostenpflichtig. Es gilt die im Anmeldeformular angegebene Teilnahmegeb\u00fchr. Mit Absenden des Anmeldeformulars geben Sie ein verbindliches Angebot zur Teilnahme am Webinar ab. Nach Ihrer Anmeldung erhalten Sie eine E-Mail mit weiteren Informationen sowie einer Zahlungsaufforderung. 2. ZahlungsbedingungenDie Teilnahmegeb\u00fchr wird mit Zugang der Zahlungsaufforderung f\u00e4llig. Die Zahlungsabwicklung&#8230;<\/p>\n","protected":false},"author":3,"featured_media":0,"parent":0,"menu_order":0,"comment_status":"closed","ping_status":"closed","template":"","meta":{"footnotes":""},"class_list":["post-11807","page","type-page","status-publish"],"_links":{"self":[{"href":"https:\/\/kliumed.de\/index.php\/wp-json\/wp\/v2\/pages\/11807","targetHints":{"allow":["GET"]}}],"collection":[{"href":"https:\/\/kliumed.de\/index.php\/wp-json\/wp\/v2\/pages"}],"about":[{"href":"https:\/\/kliumed.de\/index.php\/wp-json\/wp\/v2\/types\/page"}],"author":[{"embeddable":true,"href":"https:\/\/kliumed.de\/index.php\/wp-json\/wp\/v2\/users\/3"}],"replies":[{"embeddable":true,"href":"https:\/\/kliumed.de\/index.php\/wp-json\/wp\/v2\/comments?post=11807"}],"version-history":[{"count":3,"href":"https:\/\/kliumed.de\/index.php\/wp-json\/wp\/v2\/pages\/11807\/revisions"}],"predecessor-version":[{"id":11831,"href":"https:\/\/kliumed.de\/index.php\/wp-json\/wp\/v2\/pages\/11807\/revisions\/11831"}],"wp:attachment":[{"href":"https:\/\/kliumed.de\/index.php\/wp-json\/wp\/v2\/media?parent=11807"}],"curies":[{"name":"wp","href":"https:\/\/api.w.org\/{rel}","templated":true}]}}