{"id":4,"date":"2013-03-15T12:36:27","date_gmt":"2013-03-15T12:36:27","guid":{"rendered":"http:\/\/health-center.vamtam.com\/?page_id=4"},"modified":"2026-03-31T11:05:53","modified_gmt":"2026-03-31T09:05:53","slug":"praxis-schmitt","status":"publish","type":"page","link":"https:\/\/kliumed.de\/","title":{"rendered":"Privatpraxis Andreas Schmitt"},"content":{"rendered":"<div class=\"push\" style='height:20px'><\/div>\n<div class=\"row \"><div class=\"wpv-grid grid-1-1 move-into-slider wpv-first-level first unextended\" style=\"padding-top:0px;padding-bottom:0px\" id=\"wpv-column-35dd32e324af56c8e324472f326ba541\" ><div class=\"row \"><div class=\"wpv-grid grid-1-1  first unextended animation-fade-in animated-active\" style=\"padding-top:0px;padding-bottom:0px\" id=\"wpv-column-fbdbfc9d3d9fd311cf4fb72a8af37b89\" ><div class=\"wpv-tabs horizontal\" id=\"tabs-1\"><ul class=\"ui-tabs-nav\"><li><a href=\"#tab-1-0-\"> <span class=\"title-text\"><\/span><\/a><\/li><li><a href=\"#tab-1-1-\"> <span class=\"title-text\"><\/span><\/a><\/li><\/ul><div class=\"pane\" id=\"tab-1-0-\"><div class=\"row \"><div class=\"wpv-grid grid-1-2  first unextended\" style=\"padding-top:0px;padding-bottom:0px\" id=\"wpv-column-d579128f27462b45ee70df4680cfd184\" ><div class=\"services clearfix fullimage has-image no-icon no-button \" style=\"text-align:center;\">\n\t<div class=\"services-inside\">\n\t\t\t\t\t\t\t\t\t<div class=\"thumbnail\">\n\t\t\t\t\t\t\t\t\t\t\t\t\t\t\t\t\t\t<img loading=\"lazy\" decoding=\"async\" width=\"504\" height=\"441\" src=\"https:\/\/kliumed.de\/wp-content\/uploads\/2022\/07\/ys_as_kl.png\" class=\"attachment-full size-full\" alt=\"\" srcset=\"https:\/\/kliumed.de\/wp-content\/uploads\/2022\/07\/ys_as_kl.png 504w, https:\/\/kliumed.de\/wp-content\/uploads\/2022\/07\/ys_as_kl-450x394.png 450w, https:\/\/kliumed.de\/wp-content\/uploads\/2022\/07\/ys_as_kl-300x263.png 300w, https:\/\/kliumed.de\/wp-content\/uploads\/2022\/07\/ys_as_kl-360x315.png 360w, https:\/\/kliumed.de\/wp-content\/uploads\/2022\/07\/ys_as_kl-262x229.png 262w\" sizes=\"auto, (max-width: 504px) 100vw, 504px\" \/>\t\t\t\t\t\t\t\t\t\t\t\t\t\t\t<\/div>\n\t\t\t\t\t\t\t\t\t\t\t\t\t\t\t\t<div class=\"services-content\">\n<h4 style=\"text-align: center;\"><span style=\"color: #ffffff;\">Yvonne und Andreas Schmitt<\/span><\/h4>\n<p style=\"text-align: center;\"><span style=\"color: #999999;\">&#8211;<\/span><\/p>\n<h4 style=\"text-align: center;\"><span style=\"color: #ffffff;\">Nehmen Sie sich gerne etwas Zeit,<br \/>\nuns und unser <a style=\"color: #ffffff;\" href=\"https:\/\/kliumed.de\/index.php\/schwerpunkte\/\">Leistungsspektrum<\/a> kennenzulernen.<\/span><\/h4>\n<h4 style=\"text-align: center;\"><span style=\"color: #ffffff;\">Wir sch\u00e4tzen Ihr Vertrauen und freuen uns darauf,<br \/>\nSie auf Ihrem Gesundheitsweg zu begleiten.<\/span><\/h4>\n<p><span style=\"color: #333333;\"><\/div>\n\t\t\t\t\t<\/div>\n<\/div>\n<\/span><\/p>\n<p><span style=\"color: #333333;\"><\/div><\/span><\/p>\n<div class=\"wpv-grid grid-1-2  unextended\" style=\"padding-top:0px;padding-bottom:0px\" id=\"wpv-column-a4cc8c8f5e7b9f34662cf8aef926b972\" ><h1 style=\"text-align: center;\"><span style=\"color: #ffffff;\">Herzlich Willkommen in unserer Praxis!<\/span><\/h1>\n<hr \/>\n<h4 style=\"text-align: center;\"><span style=\"color: #ffffff;\"><span style=\"font-size: revert; font-weight: revert;\">Wir haben uns auf den <\/span><strong style=\"background-color: transparent;\">Bereich der ganzheitlichen Medizin spezialisiert<\/strong><span style=\"font-size: revert; font-weight: revert;\">, wobei Sie als Mensch mit all Ihren Facetten im <\/span><strong style=\"font-size: revert;\">Mittelpunkt<\/strong><span style=\"font-size: revert; font-weight: revert;\"> stehen. Bitte beachten Sie, dass wir uns auf bestimmte medizinische Anliegen konzentrieren und daher <\/span><strong style=\"font-size: revert;\">keine haus\u00e4rztliche Versorgung anbieten<\/strong><span style=\"font-size: revert; font-weight: revert;\">.<\/span><\/span><\/h4>\n<blockquote>\n<h4 style=\"text-align: center;\"><span style=\"color: #ffffff;\"><span class=\"BZ_Pyq_fadeIn\">Aufgrund anhaltender technischer Probleme verschiebt sich der f\u00fcr April geplante Start unserer <strong>unsere<\/strong><\/span><strong><span class=\"BZ_Pyq_fadeIn\">\u00a0<\/span><span class=\"BZ_Pyq_fadeIn\">Online-<\/span><span class=\"BZ_Pyq_fadeIn\">Webinarreihe <\/span><span class=\"BZ_Pyq_fadeIn\">f\u00fcr <\/span><span class=\"BZ_Pyq_fadeIn\">Patientinnen, <\/span><span class=\"BZ_Pyq_fadeIn\">Patienten <\/span><span class=\"BZ_Pyq_fadeIn\">und <\/span><span class=\"BZ_Pyq_fadeIn\">gesundheitlich <\/span><span class=\"BZ_Pyq_fadeIn\">Interessierte<\/span><\/strong><span class=\"BZ_Pyq_fadeIn\">. <\/span><span class=\"BZ_Pyq_fadeIn\">In <\/span><span class=\"BZ_Pyq_fadeIn\">diesen <\/span><span class=\"BZ_Pyq_fadeIn\" style=\"background-color: transparent;\">Veranstaltungen <\/span><span class=\"BZ_Pyq_fadeIn\">erl\u00e4utern <\/span><span class=\"BZ_Pyq_fadeIn\">wir <\/span><strong><span class=\"BZ_Pyq_fadeIn\">medizinische <\/span><span class=\"BZ_Pyq_fadeIn\">Hintergr\u00fcnde <\/span><\/strong><span class=\"BZ_Pyq_fadeIn\">aus <\/span><span class=\"BZ_Pyq_fadeIn\">der <\/span><span class=\"BZ_Pyq_fadeIn\">funktionellen <\/span><span class=\"BZ_Pyq_fadeIn\">Medizin, <\/span><span class=\"BZ_Pyq_fadeIn\" style=\"background-color: transparent;\">Pr\u00e4ventionsmedizin <\/span><span class=\"BZ_Pyq_fadeIn\">sowie <\/span><span class=\"BZ_Pyq_fadeIn\">angrenzenden <\/span><span class=\"BZ_Pyq_fadeIn\" style=\"background-color: transparent;\">Bereichen <\/span><span class=\"BZ_Pyq_fadeIn\">der <\/span><span class=\"BZ_Pyq_fadeIn\">Umwelt- <\/span><span class=\"BZ_Pyq_fadeIn\">und <\/span><span class=\"BZ_Pyq_fadeIn\">Ern\u00e4hrungsmedizin <\/span><strong><span class=\"BZ_Pyq_fadeIn\">verst\u00e4ndlich <\/span><span class=\"BZ_Pyq_fadeIn\">und <\/span><\/strong><span class=\"BZ_Pyq_fadeIn\" style=\"background-color: transparent;\"><strong>praxisnah<\/strong>. Weitere <strong>Informationen<\/strong> finden Sie in K\u00fcrze unter der Rubrik <strong>Webinare<\/strong>.<\/span><\/span><\/h4>\n<\/blockquote>\n<h4 style=\"text-align: center;\"><span style=\"color: #ffffff;\">Da wir uns ausreichend <strong>Zeit f\u00fcr Sie nehmen<\/strong> m\u00f6chten, arbeiten wir ausschlie\u00dflich als <strong>Terminpraxis<\/strong>. Bez\u00fcglich <strong style=\"background-color: transparent;\">Vereinbarung eines individuellen Termins <\/strong>k\u00f6nnen Sie mit uns via <a style=\"color: #ffffff;\" href=\"mailto:mail@kliumed.de\"><strong>E-Mail,<\/strong><\/a> \u00fcber die <a style=\"color: #ffffff;\" href=\"https:\/\/www.termin-patmed.de\/p\/privatpraxis-andreas-schmitt\" target=\"_blank\" rel=\"noopener\"><strong>Online-Terminvergabe<\/strong><\/a> bzw. unsere Bestandspatienten via <strong>PatMED<\/strong> Verbindung aufnehmen.\u00a0<\/span><\/h4>\n<p style=\"background-color: transparent; text-align: center;\"><span style=\"color: #ffffff;\">Ihr Praxisteam<\/span><\/div><\/div><\/div><div class=\"pane\" id=\"tab-1-1-\"><div class=\"push\" style='height:15px'><\/div>\n<hr \/>\n<div class=\"row \"><div class=\"wpv-grid grid-1-5  first unextended\" style=\"padding-top:0px;padding-bottom:0px\" id=\"wpv-column-2760984ef9d5e8bdc72c3f656df79710\" ><p style=\"background-color: transparent;\"><span class='icon shortcode  ' style='font-size:14px !important;'>&#57347;<\/span>\u00a0 <span style=\"font-size: 14px;\">ADRESSE<\/span> <div class=\"push\" style='height:15px'><\/div>Privatpraxis<br \/>\nAndreas Schmitt<br \/>\nKlosterweg 18<br \/>\n55595 Braunweiler<\/div>\n<div class=\"wpv-grid grid-1-5  unextended\" style=\"padding-top:0px;padding-bottom:0px\" id=\"wpv-column-b7306c4f2291911842f2265c492baa98\" ><span class='icon shortcode  ' style='font-size:16px !important;'>&#57529;<\/span> <span style=\"font-size: 14px;\">TERMINVEREINBARUNG<\/span> <div class=\"push\" style='height:20px'><\/div>\n<table style=\"background-color: transparent;\">\n<tbody>\n<tr>\n<td>Telefon<\/td>\n<td style=\"text-align: right;\"><span style=\"color: #ffffff;\">06706-9150696 (Info)<\/span><\/td>\n<\/tr>\n<tr>\n<td>Fax<\/td>\n<td style=\"text-align: right;\"><span style=\"color: #ffffff;\">06706-9150697<\/span><\/td>\n<\/tr>\n<tr>\n<td>Email<\/td>\n<td style=\"text-align: right;\"><a style=\"background-color: transparent;\" href=\"mailto:mail@kliumed.de\">mail@kliumed.de<\/a><\/td>\n<\/tr>\n<tr>\n<td>Online<\/td>\n<td style=\"text-align: right;\"><a style=\"color: #97c65a !important; text-decoration: none;\" href=\"https:\/\/www.termin-patmed.de\/p\/privatpraxis-andreas-schmitt\" target=\"_blank\" rel=\"noopener\">Termin vereinbaren<\/a><\/td>\n<\/tr>\n<\/tbody>\n<\/table>\n<div class=\"push\" style='height:15px'><\/div><span style=\"display: inline !important; float: none; background-color: transparent; color: #333333; cursor: text; font-family: Georgia,'Times New Roman','Bitstream Charter',Times,serif; font-size: 16px; font-style: normal; font-variant: normal; font-weight: 400; letter-spacing: normal; orphans: 2; text-align: left; text-decoration: none; text-indent: 0px; text-transform: none; -webkit-text-stroke-width: 0px; white-space: normal; word-spacing: 0px;\"><div class=\"push\" style='height:15px'><\/div><\/span><\/div>\n<div class=\"wpv-grid grid-1-5  unextended\" style=\"padding-top:0px;padding-bottom:0px\" id=\"wpv-column-df0bfebbe05d9d521d6c481e435db1f9\" ><p><span style=\"color: #a39d9d;\">.<\/span><\/div>\n<div class=\"wpv-grid grid-2-5  unextended\" style=\"padding-top:0px;padding-bottom:0px\" id=\"wpv-column-bce99afbcc12afe7d2e91e38ef546229\" ><p style=\"background-color: transparent;\"><span class='icon shortcode  ' style='font-size:16px !important;'>&#57598;<\/span>\u00a0 AKTUELLE\u00a0 &amp;\u00a0 ALLGEMEINE\u00a0 INFOS<\/p>\n<p style=\"background-color: transparent;\" data-start=\"431\" data-end=\"574\"><strong>Wir machen Urlaub bzw. sind auf Fortbildung:<\/strong><\/p>\n<p style=\"background-color: transparent;\" data-start=\"431\" data-end=\"574\">28. M\u00e4rz bis einschlie\u00dflich 06. April 2026<\/p>\n<hr \/>\n<p>Die <strong>ganzheitliche Behandlung<\/strong> von Krankheitsbildern\u00a0ist h\u00e4ufig sehr <strong>zeitintensiv und komplex<\/strong>, daher k\u00f6nnen wir <strong>weder<\/strong> eine <strong>haus\u00e4rztliche Versorgung<\/strong> noch eine <strong>Akutsprechstunde<\/strong> anbieten.<\/p>\n<p>Die Praxis verf\u00fcgt \u00fcber 2 <strong>Parkm\u00f6glichkeiten<\/strong>. Sind diese ersch\u00f6pft, gibt es Alternativen auf \u00f6ffentlichen Parkpl\u00e4tzen in der <strong>Friedhof- oder Waldhofstra\u00dfe <\/strong>(siehe <a href=\"https:\/\/kliumed.de\/wp-content\/uploads\/2022\/09\/bwP.png\" target=\"_blank\" rel=\"noopener\"><strong>Lageplan<\/strong><\/a>).<\/div><\/div><\/div><\/div><style scoped>#tabs-1 .ui-tabs-nav,#tabs-1 .ui-tabs-nav li{background:#a39d9d;}#tabs-1 .ui-tabs-nav li,#tabs-1 .ui-tabs-nav li a,#tabs-1 .ui-tabs-nav li a .icon{color:#a39d9d;}#tabs-1 .ui-tabs-nav .ui-state-active,#tabs-1 .ui-tabs-nav .ui-state-selected,#tabs-1 .ui-tabs-nav .ui-state-hover{background:#a39d9d;}#tabs-1 .ui-tabs-nav .ui-state-active,#tabs-1 .ui-tabs-nav .ui-state-active a,#tabs-1 .ui-tabs-nav .ui-state-active a .icon,#tabs-1 .ui-tabs-nav .ui-state-selected,#tabs-1 .ui-tabs-nav .ui-state-selected a,#tabs-1 .ui-tabs-nav .ui-state-selected a .icon,#tabs-1 .ui-tabs-nav .ui-state-hover,#tabs-1 .ui-tabs-nav .ui-state-hover a,#tabs-1 .ui-tabs-nav .ui-state-hover a .icon{color:#fff;}#tabs-1 .ui-tabs-nav .inactive-block-title h1,#tabs-1 .ui-tabs-nav .inactive-block-title h2,#tabs-1 .ui-tabs-nav .inactive-block-title h3,#tabs-1 .ui-tabs-nav .inactive-block-title h4,#tabs-1 .ui-tabs-nav .inactive-block-title h5,#tabs-1 .ui-tabs-nav .inactive-block-title h6{color:#a39d9d;}#tabs-1.horizontal .pane{background:#a39d9d;}#tabs-1.horizontal .pane,#tabs-1.horizontal .pane p,#tabs-1.horizontal .pane a,#tabs-1.horizontal .pane .column-title,#tabs-1.horizontal .pane .sep-text h2.regular-title-wrapper,#tabs-1.horizontal .pane .text-divider-double,#tabs-1.horizontal .pane .sep-text .sep-text-line,#tabs-1.horizontal .pane .sep,#tabs-1.horizontal .pane .sep-2,#tabs-1.horizontal .pane .sep-3,#tabs-1.horizontal .pane td,#tabs-1.horizontal .pane th,#tabs-1.horizontal .pane caption{color:#fff;}<\/style><\/div><\/div><\/div><\/div>\n<div class=\"row \"><div class=\"wpv-grid grid-1-4  wpv-first-level first unextended\" style=\"padding-top:0px;padding-bottom:0px\" id=\"wpv-column-8b07ccf8e19a9cd82015087684127472\" ><div class=\"services clearfix fullimage no-image has-icon no-button \" style=\"text-align:left;\">\n\t<div class=\"services-inside\">\n\t\t\t\t\t\t\t\t\t<div class=\"thumbnail\">\n\t\t\t\t\t\t\t\t\t\t\t\t\t\t\t\t\t\t<span class='icon shortcode  ' style='font-size:40px !important;color:#9bc861;'>&#57889;<\/span>\t\t\t\t\t\t\t\t\t\t\t\t\t\t\t<\/div>\n\t\t\t\t\t\t\t\t\t<div class=\"sep-2\"><\/div>\n\t\t\t\t\t\t\t\t\t\t\t\t\t\t<h3 class=\"services-title\">\n\t\t\t\t\t\t\t\t\tAkupunktur\t\t\t\t\t\t\t<\/h3>\n\t\t\t\t\t\t\t<div class=\"services-content\">\nMittels spezifischer Punktsuche setzen wir vor allem die Ohrakupunktur wirkungsvoll ein. Klassisches Schr\u00f6pfen und Schr\u00f6pfkopfmassage werden oft bei myofaszialen Beschwerden erg\u00e4nzt.<br \/>\n<\/div>\n\t\t\t\t\t<\/div>\n<\/div>\n<\/div>\n<div class=\"wpv-grid grid-1-4  wpv-first-level unextended\" style=\"padding-top:0px;padding-bottom:0px\" id=\"wpv-column-5ef8e11fdbc8b6f069f3d9730e8ed671\" ><div class=\"services clearfix fullimage no-image has-icon no-button \" style=\"text-align:left;\">\n\t<div class=\"services-inside\">\n\t\t\t\t\t\t\t\t\t<div class=\"thumbnail\">\n\t\t\t\t\t\t\t\t\t\t\t\t\t\t\t\t\t\t<span class='icon shortcode  ' style='font-size:40px !important;color:#9bc861;'>&#58002;<\/span>\t\t\t\t\t\t\t\t\t\t\t\t\t\t\t<\/div>\n\t\t\t\t\t\t\t\t\t<div class=\"sep-2\"><\/div>\n\t\t\t\t\t\t\t\t\t\t\t\t\t\t<h3 class=\"services-title\">\n\t\t\t\t\t\t\t\t\tKlinische Umweltmedizin &amp; Umwelt-Zahnmedizin\t\t\t\t\t\t\t<\/h3>\n\t\t\t\t\t\t\t<div class=\"services-content\">\nDie Diagnostik und Therapie von Belastungen aus Umwelt und Zahnwerkstoffen geh\u00f6ren zu unseren h\u00e4ufigsten Behandlungsmethoden.<br \/>\n<\/div>\n\t\t\t\t\t<\/div>\n<\/div>\n<\/div>\n<div class=\"wpv-grid grid-1-4  wpv-first-level unextended\" style=\"padding-top:0px;padding-bottom:0px\" id=\"wpv-column-6bbd6038eaabc5fa37e15081ed1a5617\" ><div class=\"services clearfix fullimage no-image has-icon no-button \" style=\"text-align:left;\">\n\t<div class=\"services-inside\">\n\t\t\t\t\t\t\t\t\t<div class=\"thumbnail\">\n\t\t\t\t\t\t\t\t\t\t\t\t\t\t\t\t\t\t<span class='icon shortcode  ' style='font-size:40px !important;color:#9bc861;'>&#57884;<\/span>\t\t\t\t\t\t\t\t\t\t\t\t\t\t\t<\/div>\n\t\t\t\t\t\t\t\t\t<div class=\"sep-2\"><\/div>\n\t\t\t\t\t\t\t\t\t\t\t\t\t\t<h3 class=\"services-title\">\n\t\t\t\t\t\t\t\t\tManuelle Medizin\t\t\t\t\t\t\t<\/h3>\n\t\t\t\t\t\t\t<div class=\"services-content\">\nZur Behebung von Funktionsst\u00f6rungen des Bewegungsapparates wenden wir Chirotherapie unter Zuhilfenahme weicher Techniken aus der Osteopathie an.<\/div>\n\t\t\t\t\t<\/div>\n<\/div>\n<\/div>\n<div class=\"wpv-grid grid-1-4  wpv-first-level unextended\" style=\"padding-top:0px;padding-bottom:0px\" id=\"wpv-column-9c4e9c852b1f8640946b800d81df9883\" ><div class=\"services clearfix fullimage no-image has-icon no-button \" style=\"text-align:left;\">\n\t<div class=\"services-inside\">\n\t\t\t\t\t\t\t\t\t<div class=\"thumbnail\">\n\t\t\t\t\t\t\t\t\t\t\t\t\t\t\t\t\t\t<span class='icon shortcode  ' style='font-size:40px !important;color:#9bc861;'>&#57722;<\/span>\t\t\t\t\t\t\t\t\t\t\t\t\t\t\t<\/div>\n\t\t\t\t\t\t\t\t\t<div class=\"sep-2\"><\/div>\n\t\t\t\t\t\t\t\t\t\t\t\t\t\t<h3 class=\"services-title\">\n\t\t\t\t\t\t\t\t\tNaturheilverfahren\t\t\t\t\t\t\t<\/h3>\n\t\t\t\t\t\t\t<div class=\"services-content\">\nHier nutzen wir Bioresonanzverfahren, spezielle Phytotherapie und Darmsymbioselenkung.<\/div>\n\t\t\t\t\t<\/div>\n<\/div>\n<\/div><\/div>\n<div class=\"push\" style='height:30px'><\/div>\n<div class=\"push\" style='height:30px'><\/div>\n<div class=\"push\" style='height:10px'><\/div>\n<div class=\"push\" style='height:25px'><\/div>\n<div class=\"row \"><div class=\"wpv-grid grid-1-1  wpv-first-level first extended\" style=\"padding-top:33px;padding-bottom:0px\" id=\"wpv-column-c8e014b47306279aaf06d64be71d3238\" ><div class=\"extended-column-inner\"><div class=\"row \"><div class=\"wpv-grid grid-1-4  first unextended\" style=\"padding-top:20px;padding-bottom:0px\" id=\"wpv-column-e418c221461f477cd8b101bfdd992fb4\" ><\/div>\n<div class=\"wpv-grid grid-1-2  unextended animation-fade-in animated-active\" style=\"padding-top:0px;padding-bottom:0px\" id=\"wpv-column-33d8781c300ea7c5b099635cdcd24c35\" ><blockquote>\n<h2 style=\"text-align: left; margin-top: 20px;\"><span style=\"color: #808080;\"><span style=\"font-size: large;\"><span style=\"font-size: large;\"><span style=\"color: #808080;\">&#8222;<\/span><span style=\"color: #808080;\"><span style=\"color: #ff0000;\">W<\/span><\/span><\/span><span style=\"color: #808080;\">er glaubt, keine Zeit f\u00fcr seine Gesundheit zu haben, wird fr\u00fcher oder sp\u00e4ter Zeit zum Kranksein haben m\u00fcssen.&#8220;<\/span><\/span><\/span><\/h2>\n<\/blockquote>\n<h6 style=\"text-align: right;\"><span style=\"color: #808080;\">Sprichwort aus China<\/span><\/h6><\/div>\n<div class=\"wpv-grid grid-1-4  unextended\" style=\"padding-top:0px;padding-bottom:0px\" id=\"wpv-column-3d62e536156724e465b2f79374b32a8d\" ><\/div><\/div>\n<div class=\"push\" style='height:25px'><\/div><\/div><\/div><\/div>\n<div class=\"push\" style='height:25px'><\/div>\n","protected":false},"excerpt":{"rendered":"<p>&#8222;Wer glaubt, keine Zeit f\u00fcr seine Gesundheit zu haben, wird fr\u00fcher oder sp\u00e4ter Zeit zum Kranksein haben m\u00fcssen.&#8220; Sprichwort aus China<\/p>\n","protected":false},"author":2,"featured_media":0,"parent":0,"menu_order":0,"comment_status":"closed","ping_status":"closed","template":"","meta":{"footnotes":""},"class_list":["post-4","page","type-page","status-publish"],"_links":{"self":[{"href":"https:\/\/kliumed.de\/index.php\/wp-json\/wp\/v2\/pages\/4","targetHints":{"allow":["GET"]}}],"collection":[{"href":"https:\/\/kliumed.de\/index.php\/wp-json\/wp\/v2\/pages"}],"about":[{"href":"https:\/\/kliumed.de\/index.php\/wp-json\/wp\/v2\/types\/page"}],"author":[{"embeddable":true,"href":"https:\/\/kliumed.de\/index.php\/wp-json\/wp\/v2\/users\/2"}],"replies":[{"embeddable":true,"href":"https:\/\/kliumed.de\/index.php\/wp-json\/wp\/v2\/comments?post=4"}],"version-history":[{"count":875,"href":"https:\/\/kliumed.de\/index.php\/wp-json\/wp\/v2\/pages\/4\/revisions"}],"predecessor-version":[{"id":11734,"href":"https:\/\/kliumed.de\/index.php\/wp-json\/wp\/v2\/pages\/4\/revisions\/11734"}],"wp:attachment":[{"href":"https:\/\/kliumed.de\/index.php\/wp-json\/wp\/v2\/media?parent=4"}],"curies":[{"name":"wp","href":"https:\/\/api.w.org\/{rel}","templated":true}]}}