{"id":8150,"date":"2014-05-27T09:34:11","date_gmt":"2014-05-27T07:34:11","guid":{"rendered":"http:\/\/homepage-fuer-firmen.de\/bsp11\/?page_id=8150"},"modified":"2025-03-16T16:50:38","modified_gmt":"2025-03-16T14:50:38","slug":"bioresonanzmethode","status":"publish","type":"page","link":"https:\/\/kliumed.de\/index.php\/bioresonanzmethode\/","title":{"rendered":"Bioresonanz &amp; Frequenztherapie"},"content":{"rendered":"<div class=\"row \"><div class=\"wpv-grid grid-1-3  wpv-first-level first has-background unextended\" style=\"background-color:#fcfde0;padding-top:0px;padding-bottom:0px\" id=\"wpv-column-ada64a7ffc043655fa117718fed98762\" ><style scoped>#wpv-column-ada64a7ffc043655fa117718fed98762 p,#wpv-column-ada64a7ffc043655fa117718fed98762 em,#wpv-column-ada64a7ffc043655fa117718fed98762 .column-title,#wpv-column-ada64a7ffc043655fa117718fed98762 .sep-text h2.regular-title-wrapper,#wpv-column-ada64a7ffc043655fa117718fed98762 .text-divider-double,#wpv-column-ada64a7ffc043655fa117718fed98762 .sep-text .sep-text-line,#wpv-column-ada64a7ffc043655fa117718fed98762 .sep,#wpv-column-ada64a7ffc043655fa117718fed98762 .sep-2,#wpv-column-ada64a7ffc043655fa117718fed98762 .sep-3,#wpv-column-ada64a7ffc043655fa117718fed98762 td,#wpv-column-ada64a7ffc043655fa117718fed98762 th,#wpv-column-ada64a7ffc043655fa117718fed98762 caption{color:#cad10d;}#wpv-column-ada64a7ffc043655fa117718fed98762:before{background-color:transparent;}<\/style><div class=\"push\" style='height:30px'><\/div>\n<div class=\"services clearfix fullimage has-image has-icon no-button \" style=\"text-align:center;\">\n\t<div class=\"services-inside\">\n\t\t\t\t\t\t\t\t\t<div class=\"thumbnail\">\n\t\t\t\t\t\t\t\t\t\t\t\t\t\t\t\t\t\t<img loading=\"lazy\" decoding=\"async\" width=\"400\" height=\"400\" src=\"https:\/\/kliumed.de\/wp-content\/uploads\/2014\/05\/bioresonanzverfahren1.jpg\" class=\"attachment-full size-full\" alt=\"\" srcset=\"https:\/\/kliumed.de\/wp-content\/uploads\/2014\/05\/bioresonanzverfahren1.jpg 400w, https:\/\/kliumed.de\/wp-content\/uploads\/2014\/05\/bioresonanzverfahren1-100x100.jpg 100w, https:\/\/kliumed.de\/wp-content\/uploads\/2014\/05\/bioresonanzverfahren1-300x300.jpg 300w, https:\/\/kliumed.de\/wp-content\/uploads\/2014\/05\/bioresonanzverfahren1-80x80.jpg 80w, https:\/\/kliumed.de\/wp-content\/uploads\/2014\/05\/bioresonanzverfahren1-60x60.jpg 60w, https:\/\/kliumed.de\/wp-content\/uploads\/2014\/05\/bioresonanzverfahren1-43x43.jpg 43w, https:\/\/kliumed.de\/wp-content\/uploads\/2014\/05\/bioresonanzverfahren1-360x360.jpg 360w, https:\/\/kliumed.de\/wp-content\/uploads\/2014\/05\/bioresonanzverfahren1-262x262.jpg 262w, https:\/\/kliumed.de\/wp-content\/uploads\/2014\/05\/bioresonanzverfahren1-100x100@2x.jpg 200w\" sizes=\"auto, (max-width: 400px) 100vw, 400px\" \/>\t\t\t\t\t\t\t\t\t\t\t\t\t\t\t<\/div>\n\t\t\t\t\t\t\t\t\t<div class=\"sep-2\"><\/div>\n\t\t\t\t\t\t\t\t\t\t\t\t\t\t<h3 class=\"services-title\">\n\t\t\t\t\t\t\t\t\tUnsere Methode im \u00dcberblick\t\t\t\t\t\t\t<\/h3>\n\t\t\t\t\t\t\t<div class=\"services-content\">\n<p style=\"text-align: center;\"><span style=\"color: #808080;\">Mit Hilfe des Bioresonanz-Testverfahrens (BRT) k\u00f6nnen in vielen F\u00e4llen belastende Substanzen erfasst werden.<\/span><\/p>\n<p style=\"text-align: center;\"><span style=\"color: #808080;\">In der anschlie\u00dfenden Therapie bekommt der K\u00f6rper diejenigen Frequenzmuster wieder,\u00a0welche er zur Wiederherstellung einer gesunden Kommunikation zwischen den Zellen ben\u00f6tigt.<\/span><\/div>\n\t\t\t\t\t<\/div>\n<\/div>\n<\/div>\n<div class=\"wpv-grid grid-2-3  wpv-first-level unextended\" style=\"padding-top:0px;padding-bottom:0px\" id=\"wpv-column-5fa7f27fd2367689aa41630c7ce4e56c\" ><h2>Was ist die Bioresonanzmethode ?<\/h2>\n<p>Die BRT ist ein spezielles <strong>bioenergetisches Diagnose- und Therapieverfahren<\/strong>, mit welchem ein neuer Weg in der Medizin eingeschlagen wurde. Die wesentlichen Grundlagen der Bioresonanzmethode werden durch die neuesten Erkenntnisse in der Quanten- und Biophysik best\u00e4tigt, jedoch von der derzeit herrschenden Lehrmeinung noch nicht ganz akzeptiert.<\/p>\n<p>Mit dieser Methode k\u00f6nnen v.a. <strong>Allergien<\/strong> entdeckt und behandelt werden. Ebenso ist eine Ausleitungsunterst\u00fctzung der hierf\u00fcr wichtigsten Organe (Leber, Niere, Lymphe, Darm, Lunge und Haut) m\u00f6glich. Besonders bei <strong>hochsensiblen Menschen<\/strong>, welche auf herk\u00f6mmliche Verfahren schon mit unerw\u00fcnschten Nebenwirkungen reagieren, besteht hier ein guter Therapieansatz.<\/p>\n<p><span style=\"color: #ffffff;\">.<\/span><\/p>\n<h2>Warum haben immer mehr Menschen Probleme mit Allergien ?<\/h2>\n<p>Das hat viel mit unserer (westlichen) <strong>Lebensweise<\/strong> zu tun: Gr\u00f6\u00dfer, schneller, weiter, einfacher; Handy, Email, Stress &#8211; alles jetzt und sofort! &#8211; so wird unser Tagesablauf bestimmt.<\/p>\n<p><strong>Nahrungsmittel<\/strong> sollen billig, immer verf\u00fcgbar und am besten so nah wie m\u00f6glich am Verbraucher sein. Die Industrie tut uns diesen Gefallen und wir werden krank.<\/p>\n<p>Unsere Grundnahrungsmittel (wir legen ein spezielles Augenmerk auf\u00a0<strong>Gluten und Kuhmilch<\/strong>) werden st\u00e4ndig ver\u00e4ndert und billigste Zutaten zu Fertigprodukten verarbeitet. Doch irgendwann l\u00e4uft unser <strong>Fass<\/strong> \u00fcber, wir werden antriebslos, bekommen schneller einen Infekt, Heuschnupfen, Hautver\u00e4nderungen usw.<\/p>\n<p>Unser K\u00f6rper ist normalerweise sehr gut in der Lage sich zu sch\u00fctzen und auch zu heilen, doch wenn viele Dinge auf einmal zu bew\u00e4ltigen sind, schl\u00e4gt er Alarm. Wir werden krank und m\u00fcssen etwas f\u00fcr uns tun.<\/p>\n<p><span style=\"color: #ffffff;\">.<\/span><\/p>\n<h2>Wie hilft die Bioresonanzmethode ?<\/h2>\n<p>Wir leben im Kommunikations- und Informationszeitalter und es ist an der Zeit, sich der Tatsache bewusst zu sein, dass der K\u00f6rper nur funktionieren und <strong>regulieren<\/strong> kann, weil im K\u00f6rper Kommunikation und somit ein <strong>Informationsaustausch<\/strong> zwischen den Zellen stattfindet. Inzwischen wurde nachgewiesen, dass Zellen mittels Lichtblitzen (sog. <strong>Quanten<\/strong>) miteinander kommunizieren. Sie tauschen \u00fcber bestimmte <strong>Frequenzen<\/strong> Informationen aus.<\/p>\n<p>In einem gesunden K\u00f6rper funktioniert dieser Informationsaustausch ungehindert. So kann jede Zelle bzw. jedes K\u00f6rperteil seine Aufgabe erf\u00fcllen. Ist jedoch die Kommunikation gest\u00f6rt, \u00a0sprechen die Zellen auf falschen Frequenzen miteinander, sind auch die Abl\u00e4ufe im K\u00f6rper gest\u00f6rt.<\/p>\n<p>Der Mensch besteht zu etwa 65% aus <strong>Wasser<\/strong>. Diese K\u00f6rperfl\u00fcssigkeit ist nicht nur N\u00e4hrmedium der Zelle, sondern dient auch als <strong>Sonderm\u00fclldeponie<\/strong> f\u00fcr belastende Stoffe, die dann ausgeschieden werden.<\/div><\/div>\n\t\t<div class=\"sep-text single centered\">\n\t\t\t\t\t\t\t<span class=\"sep-text-before\"><div class=\"sep-text-line\"><\/div><\/span>\n\t\t\t\t\t\t<div class=\"content\">\n\t\t\t\t<h2 class=\"text-divider-double\">\nFrequenztherapie mit Diamond Shield<\/h2>\t\t\t<\/div>\n\t\t\t<span class=\"sep-text-after\"><div class=\"sep-text-line\"><\/div><\/span>\n\t\t\t\t\t<\/div>\n\t\n<div class=\"row \"><div class=\"wpv-grid grid-2-3  wpv-first-level first unextended\" style=\"padding-top:0px;padding-bottom:0px\" id=\"wpv-column-6294b54ab486016ce6c70aa091df21f3\" ><h2>Nat\u00fcrliche Regulation durch gezielte Frequenzen<\/h2>\n<p>Die Frequenztherapie mit dem <strong>Diamond Shield Zapper<\/strong> nutzt spezifische Frequenzmuster, um den K\u00f6rper in seiner Selbstregulation zu unterst\u00fctzen. Diese Methode wird insbesondere zur <strong>Regeneration, Erregertherapie<\/strong> sowie zur <strong>Aktivierung der Ausleitungsorgane<\/strong> eingesetzt.<\/p>\n<h2>Anwendungsgebiete<\/h2>\n<ul>\n<li>\n<h4>Regeneration<\/h4>\n<\/li>\n<\/ul>\n<p>Gezielte Frequenzen k\u00f6nnen den Zellstoffwechsel und die Energieproduktion in den Mitochondrien unterst\u00fctzen. Dies f\u00f6rdert die k\u00f6rperliche Erholung und steigert das allgemeine Wohlbefinden, insbesondere nach Erkrankungen oder intensiven Belastungen.<\/p>\n<ul>\n<li>\n<h4>Erregertherapie<\/h4>\n<\/li>\n<\/ul>\n<p>Die Frequenztherapie kann gezielt auf mikrobiologische Belastungen einwirken:<\/p>\n<ul>\n<li style=\"list-style-type: none;\">\n<ul>\n<li><strong>Viren:<\/strong> Begleitende Therapie bei Infektionen mit COVID-19 oder Epstein-Barr-Virus (EBV).<\/li>\n<li><strong>Bakterien:<\/strong> M\u00f6gliche Unterst\u00fctzung bei Borreliose.<\/li>\n<li><strong>Pilze &amp; Parasiten:<\/strong> Regulation des inneren Milieus zur Reduktion pathogener Erreger.<\/li>\n<\/ul>\n<\/li>\n<li>\n<h4>Unterst\u00fctzung der Entgiftungsorgane<\/h4>\n<\/li>\n<\/ul>\n<p>Die Frequenztherapie kann die <strong>nat\u00fcrliche Entgiftung<\/strong> des K\u00f6rpers unterst\u00fctzen:<\/p>\n<ul>\n<li style=\"list-style-type: none;\">\n<ul data-spread=\"false\">\n<li><strong>Darm:<\/strong> Regulation der Darmflora und F\u00f6rderung einer gesunden Verdauung.<\/li>\n<li><strong>Lymphe:<\/strong> Aktivierung des Lymphflusses zur besseren Toxinbeseitigung.<\/li>\n<li><strong>Leber &amp; Niere:<\/strong> Optimierung der Entgiftungsleistung und Stoffwechselprozesse.<\/li>\n<\/ul>\n<\/li>\n<\/ul><\/div>\n<div class=\"wpv-grid grid-1-3  wpv-first-level has-background unextended\" style=\"background-color:#fcfde0;padding-top:0px;padding-bottom:0px\" id=\"wpv-column-b9bfada8501bb6202be5319337cbd485\" ><style scoped>#wpv-column-b9bfada8501bb6202be5319337cbd485 p,#wpv-column-b9bfada8501bb6202be5319337cbd485 em,#wpv-column-b9bfada8501bb6202be5319337cbd485 .column-title,#wpv-column-b9bfada8501bb6202be5319337cbd485 .sep-text h2.regular-title-wrapper,#wpv-column-b9bfada8501bb6202be5319337cbd485 .text-divider-double,#wpv-column-b9bfada8501bb6202be5319337cbd485 .sep-text .sep-text-line,#wpv-column-b9bfada8501bb6202be5319337cbd485 .sep,#wpv-column-b9bfada8501bb6202be5319337cbd485 .sep-2,#wpv-column-b9bfada8501bb6202be5319337cbd485 .sep-3,#wpv-column-b9bfada8501bb6202be5319337cbd485 td,#wpv-column-b9bfada8501bb6202be5319337cbd485 th,#wpv-column-b9bfada8501bb6202be5319337cbd485 caption{color:#cad10d;}#wpv-column-b9bfada8501bb6202be5319337cbd485:before{background-color:transparent;}<\/style><div class=\"push\" style='height:30px'><\/div>\n<div class=\"services clearfix fullimage has-image has-icon no-button \" style=\"text-align:center;\">\n\t<div class=\"services-inside\">\n\t\t\t\t\t\t\t\t\t<div class=\"thumbnail\">\n\t\t\t\t\t\t\t\t\t\t\t\t\t\t\t\t\t\t<img loading=\"lazy\" decoding=\"async\" width=\"900\" height=\"600\" src=\"https:\/\/kliumed.de\/wp-content\/uploads\/2025\/03\/Frequ1.jpg\" class=\"attachment-full size-full\" alt=\"\" srcset=\"https:\/\/kliumed.de\/wp-content\/uploads\/2025\/03\/Frequ1.jpg 900w, https:\/\/kliumed.de\/wp-content\/uploads\/2025\/03\/Frequ1-300x200.jpg 300w, https:\/\/kliumed.de\/wp-content\/uploads\/2025\/03\/Frequ1-555x370.jpg 555w, https:\/\/kliumed.de\/wp-content\/uploads\/2025\/03\/Frequ1-360x240.jpg 360w, https:\/\/kliumed.de\/wp-content\/uploads\/2025\/03\/Frequ1-262x175.jpg 262w, https:\/\/kliumed.de\/wp-content\/uploads\/2025\/03\/Frequ1-300x200@2x.jpg 600w\" sizes=\"auto, (max-width: 900px) 100vw, 900px\" \/>\t\t\t\t\t\t\t\t\t\t\t\t\t\t\t<\/div>\n\t\t\t\t\t\t\t\t\t<div class=\"sep-2\"><\/div>\n\t\t\t\t\t\t\t\t\t\t\t\t\t\t\t\t<div class=\"services-content\">\n<p style=\"text-align: center;\">\n<p style=\"text-align: center;\"><span style=\"color: #808080;\">Die <strong>Frequenztherapie<\/strong> erfolgt \u00fcber ein tragbares Ger\u00e4t, das mit individuellen <strong>Chipkarten<\/strong> verschiedene Programme bereitstellt. Je nach Indikation dauert eine Therapie <strong>zwischen 5 bis 60 Minuten<\/strong>\u00a0und ist schmerzfrei.<\/span><\/div>\n\t\t\t\t\t<\/div>\n<\/div>\n<\/div><\/div>\n","protected":false},"excerpt":{"rendered":"<p>Was ist die Bioresonanzmethode ? Die BRT ist ein spezielles bioenergetisches Diagnose- und Therapieverfahren, mit welchem ein neuer Weg in der Medizin eingeschlagen wurde. Die wesentlichen Grundlagen der Bioresonanzmethode werden durch die neuesten Erkenntnisse in der Quanten- und Biophysik best\u00e4tigt, jedoch von der derzeit herrschenden Lehrmeinung noch nicht ganz akzeptiert. Mit dieser Methode k\u00f6nnen v.a&#8230;.<\/p>\n","protected":false},"author":2,"featured_media":0,"parent":0,"menu_order":0,"comment_status":"closed","ping_status":"closed","template":"","meta":{"footnotes":""},"class_list":["post-8150","page","type-page","status-publish"],"_links":{"self":[{"href":"https:\/\/kliumed.de\/index.php\/wp-json\/wp\/v2\/pages\/8150","targetHints":{"allow":["GET"]}}],"collection":[{"href":"https:\/\/kliumed.de\/index.php\/wp-json\/wp\/v2\/pages"}],"about":[{"href":"https:\/\/kliumed.de\/index.php\/wp-json\/wp\/v2\/types\/page"}],"author":[{"embeddable":true,"href":"https:\/\/kliumed.de\/index.php\/wp-json\/wp\/v2\/users\/2"}],"replies":[{"embeddable":true,"href":"https:\/\/kliumed.de\/index.php\/wp-json\/wp\/v2\/comments?post=8150"}],"version-history":[{"count":48,"href":"https:\/\/kliumed.de\/index.php\/wp-json\/wp\/v2\/pages\/8150\/revisions"}],"predecessor-version":[{"id":11281,"href":"https:\/\/kliumed.de\/index.php\/wp-json\/wp\/v2\/pages\/8150\/revisions\/11281"}],"wp:attachment":[{"href":"https:\/\/kliumed.de\/index.php\/wp-json\/wp\/v2\/media?parent=8150"}],"curies":[{"name":"wp","href":"https:\/\/api.w.org\/{rel}","templated":true}]}}