{"id":8167,"date":"2014-05-27T12:21:10","date_gmt":"2014-05-27T10:21:10","guid":{"rendered":"http:\/\/homepage-fuer-firmen.de\/bsp11\/?page_id=8167"},"modified":"2022-09-13T22:56:10","modified_gmt":"2022-09-13T20:56:10","slug":"akupunktur","status":"publish","type":"page","link":"https:\/\/kliumed.de\/index.php\/akupunktur\/","title":{"rendered":"Akupunktur"},"content":{"rendered":"<div class=\"row \"><div class=\"wpv-grid grid-1-3  wpv-first-level first has-background unextended\" style=\"background-color:#fcfde0;padding-top:0px;padding-bottom:0px\" id=\"wpv-column-8f845ec2c8d01477352ae887a78f44f1\" ><style scoped>#wpv-column-8f845ec2c8d01477352ae887a78f44f1 p,#wpv-column-8f845ec2c8d01477352ae887a78f44f1 em,#wpv-column-8f845ec2c8d01477352ae887a78f44f1 .column-title,#wpv-column-8f845ec2c8d01477352ae887a78f44f1 .sep-text h2.regular-title-wrapper,#wpv-column-8f845ec2c8d01477352ae887a78f44f1 .text-divider-double,#wpv-column-8f845ec2c8d01477352ae887a78f44f1 .sep-text .sep-text-line,#wpv-column-8f845ec2c8d01477352ae887a78f44f1 .sep,#wpv-column-8f845ec2c8d01477352ae887a78f44f1 .sep-2,#wpv-column-8f845ec2c8d01477352ae887a78f44f1 .sep-3,#wpv-column-8f845ec2c8d01477352ae887a78f44f1 td,#wpv-column-8f845ec2c8d01477352ae887a78f44f1 th,#wpv-column-8f845ec2c8d01477352ae887a78f44f1 caption{color:#cad10d;}#wpv-column-8f845ec2c8d01477352ae887a78f44f1:before{background-color:transparent;}<\/style><div class=\"push\" style='height:30px'><\/div>\n<div class=\"services clearfix fullimage has-image has-icon no-button \" style=\"text-align:center;\">\n\t<div class=\"services-inside\">\n\t\t\t\t\t\t\t\t\t<div class=\"thumbnail\">\n\t\t\t\t\t\t\t\t\t\t\t\t\t\t\t\t\t\t<img loading=\"lazy\" decoding=\"async\" width=\"400\" height=\"400\" src=\"https:\/\/kliumed.de\/wp-content\/uploads\/2014\/05\/Akuounktur1.jpg\" class=\"attachment-full size-full\" alt=\"\" srcset=\"https:\/\/kliumed.de\/wp-content\/uploads\/2014\/05\/Akuounktur1.jpg 400w, https:\/\/kliumed.de\/wp-content\/uploads\/2014\/05\/Akuounktur1-100x100.jpg 100w, https:\/\/kliumed.de\/wp-content\/uploads\/2014\/05\/Akuounktur1-300x300.jpg 300w, https:\/\/kliumed.de\/wp-content\/uploads\/2014\/05\/Akuounktur1-80x80.jpg 80w, https:\/\/kliumed.de\/wp-content\/uploads\/2014\/05\/Akuounktur1-60x60.jpg 60w, https:\/\/kliumed.de\/wp-content\/uploads\/2014\/05\/Akuounktur1-43x43.jpg 43w, https:\/\/kliumed.de\/wp-content\/uploads\/2014\/05\/Akuounktur1-360x360.jpg 360w, https:\/\/kliumed.de\/wp-content\/uploads\/2014\/05\/Akuounktur1-262x262.jpg 262w, https:\/\/kliumed.de\/wp-content\/uploads\/2014\/05\/Akuounktur1-100x100@2x.jpg 200w\" sizes=\"auto, (max-width: 400px) 100vw, 400px\" \/>\t\t\t\t\t\t\t\t\t\t\t\t\t\t\t<\/div>\n\t\t\t\t\t\t\t\t\t<div class=\"sep-2\"><\/div>\n\t\t\t\t\t\t\t\t\t\t\t\t\t\t<h3 class=\"services-title\">\n\t\t\t\t\t\t\t\t\tEinsatzgebiete der Akupunktur\t\t\t\t\t\t\t<\/h3>\n\t\t\t\t\t\t\t<div class=\"services-content\">\n<p style=\"text-align: center;\"><span style=\"color: #808080;\">Schmerzzust\u00e4nde am Bewegungsapparat jeglicher Art, Migr\u00e4ne, Heuschnupfen und allergisches Asthma, sowie vegetative St\u00f6rungen wie bei Bluthochdruck und Schlafst\u00f6rungen sind typische Einsatzgebiete<\/span><\/div>\n\t\t\t\t\t<\/div>\n<\/div>\n<\/div>\n<div class=\"wpv-grid grid-2-3  wpv-first-level has-background unextended\" style=\"\n\t\t\t\tbackground: url( 'http:\/\/homepage-fuer-firmen.de\/bsp11\/wp-content\/uploads\/2014\/05\/logo-bg1.png' ) no-repeat center center;\n\t\t\t\tbackground-size: cover;\n\t\t\t\tbackground-attachment: ;\n\t\t\tpadding-top:0px;padding-bottom:0px\" id=\"wpv-column-47a8aa6522d912b793bf67ab40464fa3\" ><h2>Welche Wirkung hat die Akupunktur?<\/h2>\n<p>Akupunktur ist ein <strong>Teilgebiet der traditionellen chinesischen Medizin<\/strong> (TCM). Sie geht von Lebensenergien des K\u00f6rpers aus (<strong>Qi<\/strong>), die auf Meridianbahnen zirkulieren und einen steuernden Einfluss auf alle K\u00f6rperfunktionen haben. Ein <strong>gest\u00f6rter Energiefluss<\/strong> wird f\u00fcr Erkrankungen verantwortlich gemacht und durch Nadelung, der auf den Meridianen liegenden <strong>Akupunkturpunkten,<\/strong>\u00a0ausgeglichen. Bei eng verwandten Methoden wird stumpfer Druck auf die Punkte ausge\u00fcbt (<strong>Akupressur<\/strong>) oder sie werden erw\u00e4rmt (<strong>Moxibustion<\/strong>).<\/p>\n<p><span style=\"color: #ffffff;\">.<\/span><\/p>\n<h2>Ohrakupunktur effektiv eingesetzt<\/h2>\n<p>In unserer Praxis setzen wir <strong>vorwiegend die Ohrakupunktur<\/strong> ein. Nach vorheriger Suche mittels speziellem <strong>Punktsuchger\u00e4t (Pointoselect)<\/strong> kann wahlweise die <strong>Nadelung<\/strong> unter sterilen Bedingungen oder <strong>Elektrostimulation<\/strong> erfolgen. Dies macht die Therapie sehr <strong>spezifisch und genau<\/strong>. Da das Ohr entwicklungsgeschichtlich ein Teil des <strong>Zwischenhirns<\/strong> darstellt, wo insbesondere <strong>vegetative Reize und Belastungen <\/strong>registriert\u00a0werden, kann hier gezielt auf entsprechende St\u00f6rungen Einfluss genommen werden. Typische Einsatzgebiete sind u.a. <strong>Schmerzzust\u00e4nde, Schlafst\u00f6rungen, Suchterkrankungen und Entgiftungsst\u00f6rungen<\/strong>.<\/p>\n<p><span style=\"color: #ffffff;\">.<\/span><\/p>\n<h2>Welche besonderen Verfahren gibt es?<\/h2>\n<p>Im Bereich der Muskulatur kann es ganz lokalisiert zu punktf\u00f6rmigen Verspannungen kommen. Es bildet sich ein sog. <strong>Triggerpunkt<\/strong> (TP) aus, welcher sehr druckschmerzhaft sein kann. Dieser Punkt kann im Rahmen der <strong>TP-Massage <\/strong>gedr\u00fcckt werden, er kann mit einem Mittel zur lokalen Bet\u00e4ubung (sog. <strong>Lokalan\u00e4sthetikum<\/strong>) angespritzt oder mittels Nadeln im Rahmen der <strong>Triggerpunktakupunktur<\/strong> therapiert werden. Letztere stellt eine <strong>sehr effektive Behandlungsform <\/strong>dar, wobei der Schmerzpunkt einmal oder mehrfach angestochen wird. Die Wirkung liegt in einer <strong>Durchblutungsf\u00f6rderung und Freisetzung schmerzlindernder\u00a0Mediatoren<\/strong> im Behandlungsgebiet.<\/p>\n<p>Als weitere Form der Behandlung setzen wir die sog. <strong>Hom\u00f6opunktur<\/strong> ein. Hierbei wird ein hom\u00f6opathisches Mittel (meist Komplexmittel) an einen oder mehrere Akupunkturpunkte gespritzt. Suchterkrankungen (insbesondere <strong>Nikotinabh\u00e4ngigkeit und Adipositas<\/strong>) sind g\u00e4ngige Einsatzgebiete.<\/div><\/div>\n","protected":false},"excerpt":{"rendered":"<p>Welche Wirkung hat die Akupunktur? Akupunktur ist ein Teilgebiet der traditionellen chinesischen Medizin (TCM). Sie geht von Lebensenergien des K\u00f6rpers aus (Qi), die auf Meridianbahnen zirkulieren und einen steuernden Einfluss auf alle K\u00f6rperfunktionen haben. Ein gest\u00f6rter Energiefluss wird f\u00fcr Erkrankungen verantwortlich gemacht und durch Nadelung, der auf den Meridianen liegenden Akupunkturpunkten,\u00a0ausgeglichen. Bei eng verwandten Methoden&#8230;<\/p>\n","protected":false},"author":2,"featured_media":0,"parent":0,"menu_order":0,"comment_status":"closed","ping_status":"closed","template":"","meta":{"footnotes":""},"class_list":["post-8167","page","type-page","status-publish"],"_links":{"self":[{"href":"https:\/\/kliumed.de\/index.php\/wp-json\/wp\/v2\/pages\/8167","targetHints":{"allow":["GET"]}}],"collection":[{"href":"https:\/\/kliumed.de\/index.php\/wp-json\/wp\/v2\/pages"}],"about":[{"href":"https:\/\/kliumed.de\/index.php\/wp-json\/wp\/v2\/types\/page"}],"author":[{"embeddable":true,"href":"https:\/\/kliumed.de\/index.php\/wp-json\/wp\/v2\/users\/2"}],"replies":[{"embeddable":true,"href":"https:\/\/kliumed.de\/index.php\/wp-json\/wp\/v2\/comments?post=8167"}],"version-history":[{"count":30,"href":"https:\/\/kliumed.de\/index.php\/wp-json\/wp\/v2\/pages\/8167\/revisions"}],"predecessor-version":[{"id":10938,"href":"https:\/\/kliumed.de\/index.php\/wp-json\/wp\/v2\/pages\/8167\/revisions\/10938"}],"wp:attachment":[{"href":"https:\/\/kliumed.de\/index.php\/wp-json\/wp\/v2\/media?parent=8167"}],"curies":[{"name":"wp","href":"https:\/\/api.w.org\/{rel}","templated":true}]}}