{"id":8632,"date":"2016-03-25T00:06:42","date_gmt":"2016-03-24T22:06:42","guid":{"rendered":"http:\/\/www.homepage-fuer-firmen.de\/bsp11\/?page_id=8632"},"modified":"2022-09-13T23:23:28","modified_gmt":"2022-09-13T21:23:28","slug":"schwerpunkte","status":"publish","type":"page","link":"https:\/\/kliumed.de\/index.php\/schwerpunkte\/","title":{"rendered":"Schwerpunkte"},"content":{"rendered":"<div class=\"row \"><div class=\"wpv-grid grid-1-1  wpv-first-level first has-background extended\" style=\"background-color:#effdfc;padding-top:25px;padding-bottom:0px\" id=\"wpv-column-e42106c0bfaa01dbe0f66194ba10d923\" ><div class=\"extended-column-inner\"><style scoped>#wpv-column-e42106c0bfaa01dbe0f66194ba10d923 p,#wpv-column-e42106c0bfaa01dbe0f66194ba10d923 em,#wpv-column-e42106c0bfaa01dbe0f66194ba10d923 .column-title,#wpv-column-e42106c0bfaa01dbe0f66194ba10d923 .sep-text h2.regular-title-wrapper,#wpv-column-e42106c0bfaa01dbe0f66194ba10d923 .text-divider-double,#wpv-column-e42106c0bfaa01dbe0f66194ba10d923 .sep-text .sep-text-line,#wpv-column-e42106c0bfaa01dbe0f66194ba10d923 .sep,#wpv-column-e42106c0bfaa01dbe0f66194ba10d923 .sep-2,#wpv-column-e42106c0bfaa01dbe0f66194ba10d923 .sep-3,#wpv-column-e42106c0bfaa01dbe0f66194ba10d923 td,#wpv-column-e42106c0bfaa01dbe0f66194ba10d923 th,#wpv-column-e42106c0bfaa01dbe0f66194ba10d923 caption{color:#1ad3c6;}#wpv-column-e42106c0bfaa01dbe0f66194ba10d923:before{background-color:transparent;}<\/style>\t\t<div class=\"sep-text single centered\">\n\t\t\t\t\t\t\t<span class=\"sep-text-before\"><div class=\"sep-text-line\"><\/div><\/span>\n\t\t\t\t\t\t<div class=\"content\">\n\t\t\t\t\n<a name=\"beratung-diagnostik\"><\/a>\n<h2>Beratung, Diagnostik &amp; Ausleitung<\/h2>\n\t\t\t<\/div>\n\t\t\t<span class=\"sep-text-after\"><div class=\"sep-text-line\"><\/div><\/span>\n\t\t\t\t\t<\/div>\n\t\n<div class=\"row \"><div class=\"wpv-grid grid-1-3  first unextended animation-fade-in animated-active\" style=\"padding-top:0px;padding-bottom:0px\" id=\"wpv-column-b8ca5c5c05205286daa86863ea7177e5\" ><div class=\"services clearfix fullimage has-image has-icon has-button \" style=\"text-align:center;\">\n\t<div class=\"services-inside\">\n\t\t\t\t\t\t\t\t\t<div class=\"thumbnail\">\n\t\t\t\t\t\t\t\t\t\t\t<a href=\"https:\/\/kliumed.de\/index.php\/klinische-umweltmedizin\/\" title=\"Umwelt-Zahnmedizin\" class=\"has-border\">\n\t\t\t\t\t\t\t\t\t\t\t\t\t\t\t\t\t\t<img loading=\"lazy\" decoding=\"async\" width=\"2304\" height=\"1536\" src=\"https:\/\/kliumed.de\/wp-content\/uploads\/2021\/10\/AdobeStock_254812412.jpg\" class=\"attachment-full size-full\" alt=\"\" srcset=\"https:\/\/kliumed.de\/wp-content\/uploads\/2021\/10\/AdobeStock_254812412.jpg 2304w, https:\/\/kliumed.de\/wp-content\/uploads\/2021\/10\/AdobeStock_254812412-450x300.jpg 450w, https:\/\/kliumed.de\/wp-content\/uploads\/2021\/10\/AdobeStock_254812412-300x200.jpg 300w, https:\/\/kliumed.de\/wp-content\/uploads\/2021\/10\/AdobeStock_254812412-1030x687.jpg 1030w, https:\/\/kliumed.de\/wp-content\/uploads\/2021\/10\/AdobeStock_254812412-600x400.jpg 600w, https:\/\/kliumed.de\/wp-content\/uploads\/2021\/10\/AdobeStock_254812412-1536x1024.jpg 1536w, https:\/\/kliumed.de\/wp-content\/uploads\/2021\/10\/AdobeStock_254812412-2048x1365.jpg 2048w, https:\/\/kliumed.de\/wp-content\/uploads\/2021\/10\/AdobeStock_254812412-1140x760.jpg 1140w, https:\/\/kliumed.de\/wp-content\/uploads\/2021\/10\/AdobeStock_254812412-555x370.jpg 555w, https:\/\/kliumed.de\/wp-content\/uploads\/2021\/10\/AdobeStock_254812412-360x240.jpg 360w, https:\/\/kliumed.de\/wp-content\/uploads\/2021\/10\/AdobeStock_254812412-262x175.jpg 262w, https:\/\/kliumed.de\/wp-content\/uploads\/2021\/10\/AdobeStock_254812412-1030x687@2x.jpg 2060w, https:\/\/kliumed.de\/wp-content\/uploads\/2021\/10\/AdobeStock_254812412-600x400@2x.jpg 1200w, https:\/\/kliumed.de\/wp-content\/uploads\/2021\/10\/AdobeStock_254812412-1140x760@2x.jpg 2280w, https:\/\/kliumed.de\/wp-content\/uploads\/2021\/10\/AdobeStock_254812412-555x370@2x.jpg 1110w, https:\/\/kliumed.de\/wp-content\/uploads\/2021\/10\/AdobeStock_254812412-360x240@2x.jpg 720w, https:\/\/kliumed.de\/wp-content\/uploads\/2021\/10\/AdobeStock_254812412-262x175@2x.jpg 524w\" sizes=\"auto, (max-width: 2304px) 100vw, 2304px\" \/>\t\t\t\t\t\t\t\t\t\t\t\t\t\t\t\t\t<\/a>\n\t\t\t\t\t\t\t\t\t<\/div>\n\t\t\t\t\t\t\t\t\t<div class=\"sep-2\"><\/div>\n\t\t\t\t\t\t\t\t\t\t\t\t\t\t<h3 class=\"services-title\">\n\t\t\t\t\t\t\t\t\t<a href=\"https:\/\/kliumed.de\/index.php\/klinische-umweltmedizin\/\" title=\"Umwelt-Zahnmedizin\">Umwelt-Zahnmedizin<\/a>\n\t\t\t\t\t\t\t<\/h3>\n\t\t\t\t\t\t\t<div class=\"services-content\">\nDie Diagnostik und Therapie von Belastungen aus Umwelt und Zahnwerkstoffen geh\u00f6ren zu unseren h\u00e4ufigsten Behandlungsmethoden. Amalgamf\u00fcllungen bestehen zu 50% aus hochgiftigem Quecksilber und stellen ein Risiko f\u00fcr Umwelt und Gesundheit dar. Durch Kooperation mit Umwelt-Zahn\u00e4rzten erfolgt die Amalgamsanierung unter kontrollierten Bedingungen.<\/div>\n\t\t\t\t\t\t\t<div class=\"services-button-wrap\">\n\t\t\t\t<a href=\"https:\/\/kliumed.de\/index.php\/klinische-umweltmedizin\/\"><span class=\"btext\">mehr erfahren<\/span><\/a>\n\t\t\t<\/div>\n\t\t\t<\/div>\n<\/div>\n<\/div>\n<div class=\"wpv-grid grid-1-3  unextended animation-from-right animated-active\" style=\"padding-top:0px;padding-bottom:0px\" id=\"wpv-column-669b0fce369eec347998b3e6c7d7b84d\" ><div class=\"services clearfix fullimage has-image has-icon has-button \" style=\"text-align:center;\">\n\t<div class=\"services-inside\">\n\t\t\t\t\t\t\t\t\t<div class=\"thumbnail\">\n\t\t\t\t\t\t\t\t\t\t\t<a href=\"https:\/\/kliumed.de\/index.php\/klinische-umweltmedizin\/\" title=\"Klinische Umweltmedizin\" class=\"has-border\">\n\t\t\t\t\t\t\t\t\t\t\t\t\t\t\t\t\t\t<img loading=\"lazy\" decoding=\"async\" width=\"385\" height=\"369\" src=\"https:\/\/kliumed.de\/wp-content\/uploads\/2020\/12\/kum.png\" class=\"attachment-full size-full\" alt=\"\" srcset=\"https:\/\/kliumed.de\/wp-content\/uploads\/2020\/12\/kum.png 385w, https:\/\/kliumed.de\/wp-content\/uploads\/2020\/12\/kum-300x288.png 300w, https:\/\/kliumed.de\/wp-content\/uploads\/2020\/12\/kum-360x345.png 360w, https:\/\/kliumed.de\/wp-content\/uploads\/2020\/12\/kum-262x251.png 262w\" sizes=\"auto, (max-width: 385px) 100vw, 385px\" \/>\t\t\t\t\t\t\t\t\t\t\t\t\t\t\t\t\t<\/a>\n\t\t\t\t\t\t\t\t\t<\/div>\n\t\t\t\t\t\t\t\t\t<div class=\"sep-2\"><\/div>\n\t\t\t\t\t\t\t\t\t\t\t\t\t\t<h3 class=\"services-title\">\n\t\t\t\t\t\t\t\t\t<a href=\"https:\/\/kliumed.de\/index.php\/klinische-umweltmedizin\/\" title=\"Klinische Umweltmedizin\">Klinische Umweltmedizin<\/a>\n\t\t\t\t\t\t\t<\/h3>\n\t\t\t\t\t\t\t<div class=\"services-content\">\nTypische umweltassoziierte Erkrankungen werden auch als Multisystemerkrankungen (MSE) angesehen, da sie vielf\u00e4ltig verschiedene Organsysteme betreffen. Hierunter fallen insbesondere: CFS\/ME, MCS, Fibromyalgie, SBS. Diagnostik und Therapie gestalten sich h\u00e4ufig sehr komplex.<br \/>\n<\/div>\n\t\t\t\t\t\t\t<div class=\"services-button-wrap\">\n\t\t\t\t<a href=\"https:\/\/kliumed.de\/index.php\/klinische-umweltmedizin\/\"><span class=\"btext\">mehr lesen<\/span><\/a>\n\t\t\t<\/div>\n\t\t\t<\/div>\n<\/div>\n<\/div>\n<div class=\"wpv-grid grid-1-3  unextended animation-from-left animated-active\" style=\"padding-top:0px;padding-bottom:0px\" id=\"wpv-column-25ab1e9ced339a76e65c6895d7f08af5\" ><div class=\"services clearfix fullimage has-image has-icon has-button \" style=\"text-align:center;\">\n\t<div class=\"services-inside\">\n\t\t\t\t\t\t\t\t\t<div class=\"thumbnail\">\n\t\t\t\t\t\t\t\t\t\t\t<a href=\"https:\/\/kliumed.de\/index.php\/ausleitung-toxischer-metalle\/\" title=\"Toxische Metalle\" class=\"has-border\">\n\t\t\t\t\t\t\t\t\t\t\t\t\t\t\t\t\t\t<img loading=\"lazy\" decoding=\"async\" width=\"1711\" height=\"1140\" src=\"https:\/\/kliumed.de\/wp-content\/uploads\/2021\/10\/AdobeStock_42207334.jpg\" class=\"attachment-full size-full\" alt=\"\" srcset=\"https:\/\/kliumed.de\/wp-content\/uploads\/2021\/10\/AdobeStock_42207334.jpg 1711w, https:\/\/kliumed.de\/wp-content\/uploads\/2021\/10\/AdobeStock_42207334-450x300.jpg 450w, https:\/\/kliumed.de\/wp-content\/uploads\/2021\/10\/AdobeStock_42207334-300x200.jpg 300w, https:\/\/kliumed.de\/wp-content\/uploads\/2021\/10\/AdobeStock_42207334-1030x686.jpg 1030w, https:\/\/kliumed.de\/wp-content\/uploads\/2021\/10\/AdobeStock_42207334-600x400.jpg 600w, https:\/\/kliumed.de\/wp-content\/uploads\/2021\/10\/AdobeStock_42207334-1536x1023.jpg 1536w, https:\/\/kliumed.de\/wp-content\/uploads\/2021\/10\/AdobeStock_42207334-1140x760.jpg 1140w, https:\/\/kliumed.de\/wp-content\/uploads\/2021\/10\/AdobeStock_42207334-555x370.jpg 555w, https:\/\/kliumed.de\/wp-content\/uploads\/2021\/10\/AdobeStock_42207334-360x240.jpg 360w, https:\/\/kliumed.de\/wp-content\/uploads\/2021\/10\/AdobeStock_42207334-262x175.jpg 262w, https:\/\/kliumed.de\/wp-content\/uploads\/2021\/10\/AdobeStock_42207334-600x400@2x.jpg 1200w, https:\/\/kliumed.de\/wp-content\/uploads\/2021\/10\/AdobeStock_42207334-555x370@2x.jpg 1110w, https:\/\/kliumed.de\/wp-content\/uploads\/2021\/10\/AdobeStock_42207334-360x240@2x.jpg 720w, https:\/\/kliumed.de\/wp-content\/uploads\/2021\/10\/AdobeStock_42207334-262x175@2x.jpg 524w\" sizes=\"auto, (max-width: 1711px) 100vw, 1711px\" \/>\t\t\t\t\t\t\t\t\t\t\t\t\t\t\t\t\t<\/a>\n\t\t\t\t\t\t\t\t\t<\/div>\n\t\t\t\t\t\t\t\t\t<div class=\"sep-2\"><\/div>\n\t\t\t\t\t\t\t\t\t\t\t\t\t\t<h3 class=\"services-title\">\n\t\t\t\t\t\t\t\t\t<a href=\"https:\/\/kliumed.de\/index.php\/ausleitung-toxischer-metalle\/\" title=\"Toxische Metalle\">Toxische Metalle<\/a>\n\t\t\t\t\t\t\t<\/h3>\n\t\t\t\t\t\t\t<div class=\"services-content\">\nDie h\u00e4ufigsten Quellen toxischer Metalle sind u.a. alte Bleirohre, Amalgamf\u00fcllungen, Meerestiere und Zigarettenrauch. Aber auch belastetes Obst, Gem\u00fcse und selbst Wasser kann urs\u00e4chlich sein. Ausleitungen erfolgen bei uns meist intraven\u00f6s entweder nat\u00fcrlich \u00fcber Glutathion und Alphalipons\u00e4ure oder mittels Chelattherapie.<br \/>\n<\/div>\n\t\t\t\t\t\t\t<div class=\"services-button-wrap\">\n\t\t\t\t<a href=\"https:\/\/kliumed.de\/index.php\/ausleitung-toxischer-metalle\/\"><span class=\"btext\">mehr erfahren<\/span><\/a>\n\t\t\t<\/div>\n\t\t\t<\/div>\n<\/div>\n<\/div><\/div><\/div><\/div><\/div>\n<div class=\"row \"><div class=\"wpv-grid grid-1-1  wpv-first-level first has-background extended\" style=\"background-color:#ffffff;padding-top:33px;padding-bottom:29px\" id=\"wpv-column-7c2b67bc7db32f749c6960f940817f85\" ><div class=\"extended-column-inner\"><style scoped>#wpv-column-7c2b67bc7db32f749c6960f940817f85 p,#wpv-column-7c2b67bc7db32f749c6960f940817f85 em,#wpv-column-7c2b67bc7db32f749c6960f940817f85 .column-title,#wpv-column-7c2b67bc7db32f749c6960f940817f85 .sep-text h2.regular-title-wrapper,#wpv-column-7c2b67bc7db32f749c6960f940817f85 .text-divider-double,#wpv-column-7c2b67bc7db32f749c6960f940817f85 .sep-text .sep-text-line,#wpv-column-7c2b67bc7db32f749c6960f940817f85 .sep,#wpv-column-7c2b67bc7db32f749c6960f940817f85 .sep-2,#wpv-column-7c2b67bc7db32f749c6960f940817f85 .sep-3,#wpv-column-7c2b67bc7db32f749c6960f940817f85 td,#wpv-column-7c2b67bc7db32f749c6960f940817f85 th,#wpv-column-7c2b67bc7db32f749c6960f940817f85 caption{color:#808080;}#wpv-column-7c2b67bc7db32f749c6960f940817f85:before{background-color:transparent;}<\/style>\t\t<div class=\"sep-text single centered\">\n\t\t\t\t\t\t\t<span class=\"sep-text-before\"><div class=\"sep-text-line\"><\/div><\/span>\n\t\t\t\t\t\t<div class=\"content\">\n\t\t\t\t\n<a name=\"manuelle-medizin\"><\/a>\n<h2>Akupunktur, Schr\u00f6pfen &amp; Chirotherapie<\/h2>\n\t\t\t<\/div>\n\t\t\t<span class=\"sep-text-after\"><div class=\"sep-text-line\"><\/div><\/span>\n\t\t\t\t\t<\/div>\n\t\n<div class=\"row \"><div class=\"wpv-grid grid-1-3  first unextended animation-from-right animated-active\" style=\"padding-top:0px;padding-bottom:0px\" id=\"wpv-column-2e4aabe35851f8e6135e2d13ca3b116e\" ><div class=\"services clearfix fullimage has-image has-icon has-button \" style=\"text-align:center;\">\n\t<div class=\"services-inside\">\n\t\t\t\t\t\t\t\t\t<div class=\"thumbnail\">\n\t\t\t\t\t\t\t\t\t\t\t<a href=\"https:\/\/kliumed.de\/index.php\/akupunktur\/\" title=\"Akupunktur\" class=\"has-border\">\n\t\t\t\t\t\t\t\t\t\t\t\t\t\t\t\t\t\t<img loading=\"lazy\" decoding=\"async\" width=\"600\" height=\"400\" src=\"https:\/\/kliumed.de\/wp-content\/uploads\/2014\/05\/anwendungen1.jpg\" class=\"attachment-full size-full\" alt=\"\" srcset=\"https:\/\/kliumed.de\/wp-content\/uploads\/2014\/05\/anwendungen1.jpg 600w, https:\/\/kliumed.de\/wp-content\/uploads\/2014\/05\/anwendungen1-450x300.jpg 450w, https:\/\/kliumed.de\/wp-content\/uploads\/2014\/05\/anwendungen1-300x200.jpg 300w, https:\/\/kliumed.de\/wp-content\/uploads\/2014\/05\/anwendungen1-555x370.jpg 555w, https:\/\/kliumed.de\/wp-content\/uploads\/2014\/05\/anwendungen1-360x240.jpg 360w, https:\/\/kliumed.de\/wp-content\/uploads\/2014\/05\/anwendungen1-262x175.jpg 262w\" sizes=\"auto, (max-width: 600px) 100vw, 600px\" \/>\t\t\t\t\t\t\t\t\t\t\t\t\t\t\t\t\t<\/a>\n\t\t\t\t\t\t\t\t\t<\/div>\n\t\t\t\t\t\t\t\t\t<div class=\"sep-2\"><\/div>\n\t\t\t\t\t\t\t\t\t\t\t\t\t\t<h3 class=\"services-title\">\n\t\t\t\t\t\t\t\t\t<a href=\"https:\/\/kliumed.de\/index.php\/akupunktur\/\" title=\"Akupunktur\">Akupunktur<\/a>\n\t\t\t\t\t\t\t<\/h3>\n\t\t\t\t\t\t\t<div class=\"services-content\">\nMittels spezifischer Punktsuche setzen wir vor allem die Ohrakupunktur wirkungsvoll ein. Klassisches Schr\u00f6pfen und Schr\u00f6pfkopfmassage werden oft bei myofaszialen Beschwerden erg\u00e4nzt.<br \/>\n<\/div>\n\t\t\t\t\t\t\t<div class=\"services-button-wrap\">\n\t\t\t\t<a href=\"https:\/\/kliumed.de\/index.php\/akupunktur\/\"><span class=\"btext\">mehr erfahren<\/span><\/a>\n\t\t\t<\/div>\n\t\t\t<\/div>\n<\/div>\n<\/div>\n<div class=\"wpv-grid grid-1-3  unextended animation-fade-in animated-active\" style=\"padding-top:0px;padding-bottom:0px\" id=\"wpv-column-aa0ce636e3c3d94d05e19d7002823ad4\" ><div class=\"services clearfix fullimage has-image has-icon has-button \" style=\"text-align:center;\">\n\t<div class=\"services-inside\">\n\t\t\t\t\t\t\t\t\t<div class=\"thumbnail\">\n\t\t\t\t\t\t\t\t\t\t\t<a href=\"https:\/\/kliumed.de\/index.php\/manuelle_medizin\/\" title=\"Manuelle Medizin \/ Chirotherapie\" class=\"has-border\">\n\t\t\t\t\t\t\t\t\t\t\t\t\t\t\t\t\t\t<img loading=\"lazy\" decoding=\"async\" width=\"400\" height=\"400\" src=\"https:\/\/kliumed.de\/wp-content\/uploads\/2014\/05\/Chirotherapie1.jpg\" class=\"attachment-full size-full\" alt=\"\" srcset=\"https:\/\/kliumed.de\/wp-content\/uploads\/2014\/05\/Chirotherapie1.jpg 400w, https:\/\/kliumed.de\/wp-content\/uploads\/2014\/05\/Chirotherapie1-100x100.jpg 100w, https:\/\/kliumed.de\/wp-content\/uploads\/2014\/05\/Chirotherapie1-300x300.jpg 300w, https:\/\/kliumed.de\/wp-content\/uploads\/2014\/05\/Chirotherapie1-80x80.jpg 80w, https:\/\/kliumed.de\/wp-content\/uploads\/2014\/05\/Chirotherapie1-60x60.jpg 60w, https:\/\/kliumed.de\/wp-content\/uploads\/2014\/05\/Chirotherapie1-43x43.jpg 43w, https:\/\/kliumed.de\/wp-content\/uploads\/2014\/05\/Chirotherapie1-360x360.jpg 360w, https:\/\/kliumed.de\/wp-content\/uploads\/2014\/05\/Chirotherapie1-262x262.jpg 262w, https:\/\/kliumed.de\/wp-content\/uploads\/2014\/05\/Chirotherapie1-100x100@2x.jpg 200w\" sizes=\"auto, (max-width: 400px) 100vw, 400px\" \/>\t\t\t\t\t\t\t\t\t\t\t\t\t\t\t\t\t<\/a>\n\t\t\t\t\t\t\t\t\t<\/div>\n\t\t\t\t\t\t\t\t\t<div class=\"sep-2\"><\/div>\n\t\t\t\t\t\t\t\t\t\t\t\t\t\t<h3 class=\"services-title\">\n\t\t\t\t\t\t\t\t\t<a href=\"https:\/\/kliumed.de\/index.php\/manuelle_medizin\/\" title=\"Manuelle Medizin \/ Chirotherapie\">Manuelle Medizin \/ Chirotherapie<\/a>\n\t\t\t\t\t\t\t<\/h3>\n\t\t\t\t\t\t\t<div class=\"services-content\">\nZur Behebung von Funktionsst\u00f6rungen des Bewegungsapparates wenden wir Chirotherapie unter Zuhilfenahme weicher Techniken aus der Osteopathie an.<br \/>\n<\/div>\n\t\t\t\t\t\t\t<div class=\"services-button-wrap\">\n\t\t\t\t<a href=\"https:\/\/kliumed.de\/index.php\/manuelle_medizin\/\"><span class=\"btext\">mehr erfahren<\/span><\/a>\n\t\t\t<\/div>\n\t\t\t<\/div>\n<\/div>\n<\/div>\n<div class=\"wpv-grid grid-1-3  unextended animation-from-left animated-active\" style=\"padding-top:0px;padding-bottom:0px\" id=\"wpv-column-f6c6b036eb9a8808f16c5f35e9357cf5\" ><div class=\"services clearfix fullimage has-image has-icon has-button \" style=\"text-align:center;\">\n\t<div class=\"services-inside\">\n\t\t\t\t\t\t\t\t\t<div class=\"thumbnail\">\n\t\t\t\t\t\t\t\t\t\t\t<a href=\"https:\/\/kliumed.de\/index.php\/schroepfen_triggerpunktakupunktur\/\" title=\"Schr\u00f6pfen\" class=\"has-border\">\n\t\t\t\t\t\t\t\t\t\t\t\t\t\t\t\t\t\t<img loading=\"lazy\" decoding=\"async\" width=\"555\" height=\"292\" src=\"https:\/\/kliumed.de\/wp-content\/uploads\/2016\/03\/schroe1_klein.jpg\" class=\"attachment-full size-full\" alt=\"\" srcset=\"https:\/\/kliumed.de\/wp-content\/uploads\/2016\/03\/schroe1_klein.jpg 555w, https:\/\/kliumed.de\/wp-content\/uploads\/2016\/03\/schroe1_klein-450x237.jpg 450w, https:\/\/kliumed.de\/wp-content\/uploads\/2016\/03\/schroe1_klein-300x158.jpg 300w, https:\/\/kliumed.de\/wp-content\/uploads\/2016\/03\/schroe1_klein-360x189.jpg 360w, https:\/\/kliumed.de\/wp-content\/uploads\/2016\/03\/schroe1_klein-262x138.jpg 262w, https:\/\/kliumed.de\/wp-content\/uploads\/2016\/03\/schroe1_klein-262x138@2x.jpg 524w\" sizes=\"auto, (max-width: 555px) 100vw, 555px\" \/>\t\t\t\t\t\t\t\t\t\t\t\t\t\t\t\t\t<\/a>\n\t\t\t\t\t\t\t\t\t<\/div>\n\t\t\t\t\t\t\t\t\t<div class=\"sep-2\"><\/div>\n\t\t\t\t\t\t\t\t\t\t\t\t\t\t<h3 class=\"services-title\">\n\t\t\t\t\t\t\t\t\t<a href=\"https:\/\/kliumed.de\/index.php\/schroepfen_triggerpunktakupunktur\/\" title=\"Schr\u00f6pfen\">Schr\u00f6pfen<\/a>\n\t\t\t\t\t\t\t<\/h3>\n\t\t\t\t\t\t\t<div class=\"services-content\">\n<p style=\"text-align: center;\">Die Schr\u00f6pftherapie ist zusammen mit der Triggerpunkt-Akupunktur ein hervorragendes lokales Verfahren zur Schmerzreduktion und Reflextherapie<\/div>\n\t\t\t\t\t\t\t<div class=\"services-button-wrap\">\n\t\t\t\t<a href=\"https:\/\/kliumed.de\/index.php\/schroepfen_triggerpunktakupunktur\/\"><span class=\"btext\">mehr erfahren<\/span><\/a>\n\t\t\t<\/div>\n\t\t\t<\/div>\n<\/div>\n<\/div><\/div><\/div><\/div><\/div>\n\t\t<div class=\"sep-text single centered\">\n\t\t\t\t\t\t\t<span class=\"sep-text-before\"><div class=\"sep-text-line\"><\/div><\/span>\n\t\t\t\t\t\t<div class=\"content\">\n\t\t\t\t\n<a name=\"naturheilverfahren\"><\/a>\n<h2>BRT, Darmmikrobiom &amp; Mikron\u00e4hrstoffe<\/h2>\n\t\t\t<\/div>\n\t\t\t<span class=\"sep-text-after\"><div class=\"sep-text-line\"><\/div><\/span>\n\t\t\t\t\t<\/div>\n\t\n<div class=\"row \"><div class=\"wpv-grid grid-1-3  wpv-first-level first unextended animation-fade-in animated-active\" style=\"padding-top:0px;padding-bottom:0px\" id=\"wpv-column-60b475f7399468c4036a09aeeab5e3d4\" ><div class=\"services clearfix fullimage has-image has-icon has-button \" style=\"text-align:center;\">\n\t<div class=\"services-inside\">\n\t\t\t\t\t\t\t\t\t<div class=\"thumbnail\">\n\t\t\t\t\t\t\t\t\t\t\t<a href=\"https:\/\/kliumed.de\/index.php\/darmsymbioselenkung\/\" title=\"Darmsymbioselenkung\" class=\"has-border\">\n\t\t\t\t\t\t\t\t\t\t\t\t\t\t\t\t\t\t<img loading=\"lazy\" decoding=\"async\" width=\"291\" height=\"291\" src=\"https:\/\/kliumed.de\/wp-content\/uploads\/2016\/03\/Fotolia_92533760_XS_1.jpg\" class=\"attachment-full size-full\" alt=\"\" srcset=\"https:\/\/kliumed.de\/wp-content\/uploads\/2016\/03\/Fotolia_92533760_XS_1.jpg 291w, https:\/\/kliumed.de\/wp-content\/uploads\/2016\/03\/Fotolia_92533760_XS_1-100x100.jpg 100w, https:\/\/kliumed.de\/wp-content\/uploads\/2016\/03\/Fotolia_92533760_XS_1-80x80.jpg 80w, https:\/\/kliumed.de\/wp-content\/uploads\/2016\/03\/Fotolia_92533760_XS_1-60x60.jpg 60w, https:\/\/kliumed.de\/wp-content\/uploads\/2016\/03\/Fotolia_92533760_XS_1-43x43.jpg 43w, https:\/\/kliumed.de\/wp-content\/uploads\/2016\/03\/Fotolia_92533760_XS_1-262x262.jpg 262w, https:\/\/kliumed.de\/wp-content\/uploads\/2016\/03\/Fotolia_92533760_XS_1-100x100@2x.jpg 200w, https:\/\/kliumed.de\/wp-content\/uploads\/2016\/03\/Fotolia_92533760_XS_1-80x80@2x.jpg 160w, https:\/\/kliumed.de\/wp-content\/uploads\/2016\/03\/Fotolia_92533760_XS_1-60x60@2x.jpg 120w, https:\/\/kliumed.de\/wp-content\/uploads\/2016\/03\/Fotolia_92533760_XS_1-43x43@2x.jpg 86w\" sizes=\"auto, (max-width: 291px) 100vw, 291px\" \/>\t\t\t\t\t\t\t\t\t\t\t\t\t\t\t\t\t<\/a>\n\t\t\t\t\t\t\t\t\t<\/div>\n\t\t\t\t\t\t\t\t\t<div class=\"sep-2\"><\/div>\n\t\t\t\t\t\t\t\t\t\t\t\t\t\t<h3 class=\"services-title\">\n\t\t\t\t\t\t\t\t\t<a href=\"https:\/\/kliumed.de\/index.php\/darmsymbioselenkung\/\" title=\"Darmsymbioselenkung\">Darmsymbioselenkung<\/a>\n\t\t\t\t\t\t\t<\/h3>\n\t\t\t\t\t\t\t<div class=\"services-content\">\nDie gezielte Untersuchung der Darmflora auf Fehlregulation und deren Lenkung ist eines unserer h\u00e4ufigsten Behandlungsans\u00e4tze. Sehr h\u00e4ufig finden sich positive Therapieerfolge u.a. bei Heuschnupfen, Neurodermitis und Infektanf\u00e4lligkeit.<\/div>\n\t\t\t\t\t\t\t<div class=\"services-button-wrap\">\n\t\t\t\t<a href=\"https:\/\/kliumed.de\/index.php\/darmsymbioselenkung\/\"><span class=\"btext\">mehr erfahren<\/span><\/a>\n\t\t\t<\/div>\n\t\t\t<\/div>\n<\/div>\n<\/div>\n<div class=\"wpv-grid grid-1-3  wpv-first-level unextended animation-fade-in animated-active\" style=\"padding-top:0px;padding-bottom:0px\" id=\"wpv-column-edec70a29791ec6b470d34e35278da21\" ><div class=\"services clearfix fullimage has-image has-icon has-button \" style=\"text-align:center;\">\n\t<div class=\"services-inside\">\n\t\t\t\t\t\t\t\t\t<div class=\"thumbnail\">\n\t\t\t\t\t\t\t\t\t\t\t<a href=\"https:\/\/kliumed.de\/index.php\/bioresonanzmethode\/\" title=\"Bioresonanztherapie (BRT)\" class=\"has-border\">\n\t\t\t\t\t\t\t\t\t\t\t\t\t\t\t\t\t\t<img loading=\"lazy\" decoding=\"async\" width=\"400\" height=\"400\" src=\"https:\/\/kliumed.de\/wp-content\/uploads\/2014\/05\/bioresonanzverfahren1.jpg\" class=\"attachment-full size-full\" alt=\"\" srcset=\"https:\/\/kliumed.de\/wp-content\/uploads\/2014\/05\/bioresonanzverfahren1.jpg 400w, https:\/\/kliumed.de\/wp-content\/uploads\/2014\/05\/bioresonanzverfahren1-100x100.jpg 100w, https:\/\/kliumed.de\/wp-content\/uploads\/2014\/05\/bioresonanzverfahren1-300x300.jpg 300w, https:\/\/kliumed.de\/wp-content\/uploads\/2014\/05\/bioresonanzverfahren1-80x80.jpg 80w, https:\/\/kliumed.de\/wp-content\/uploads\/2014\/05\/bioresonanzverfahren1-60x60.jpg 60w, https:\/\/kliumed.de\/wp-content\/uploads\/2014\/05\/bioresonanzverfahren1-43x43.jpg 43w, https:\/\/kliumed.de\/wp-content\/uploads\/2014\/05\/bioresonanzverfahren1-360x360.jpg 360w, https:\/\/kliumed.de\/wp-content\/uploads\/2014\/05\/bioresonanzverfahren1-262x262.jpg 262w, https:\/\/kliumed.de\/wp-content\/uploads\/2014\/05\/bioresonanzverfahren1-100x100@2x.jpg 200w\" sizes=\"auto, (max-width: 400px) 100vw, 400px\" \/>\t\t\t\t\t\t\t\t\t\t\t\t\t\t\t\t\t<\/a>\n\t\t\t\t\t\t\t\t\t<\/div>\n\t\t\t\t\t\t\t\t\t<div class=\"sep-2\"><\/div>\n\t\t\t\t\t\t\t\t\t\t\t\t\t\t<h3 class=\"services-title\">\n\t\t\t\t\t\t\t\t\t<a href=\"https:\/\/kliumed.de\/index.php\/bioresonanzmethode\/\" title=\"Bioresonanztherapie (BRT)\">Bioresonanztherapie (BRT)<\/a>\n\t\t\t\t\t\t\t<\/h3>\n\t\t\t\t\t\t\t<div class=\"services-content\">\nDiagnose- und Therapieverfahren zur Wiederherstellung k\u00f6rpereigener Harmonie und\u00a0Beseitigung von St\u00f6rungen, welches sich sehr gut bew\u00e4hrt hat bei<br \/>\nAllergien und zur Ausleitung von Belastungen, insbesondere bei hochsensiblen Menschen<\/div>\n\t\t\t\t\t\t\t<div class=\"services-button-wrap\">\n\t\t\t\t<a href=\"https:\/\/kliumed.de\/index.php\/bioresonanzmethode\/\"><span class=\"btext\">mehr erfahren<\/span><\/a>\n\t\t\t<\/div>\n\t\t\t<\/div>\n<\/div>\n<\/div>\n<div class=\"wpv-grid grid-1-3  wpv-first-level unextended animation-fade-in animated-active\" style=\"padding-top:0px;padding-bottom:0px\" id=\"wpv-column-5ff4a2f38b45c481083e554ec5d337cc\" ><div class=\"services clearfix fullimage has-image has-icon has-button \" style=\"text-align:center;\">\n\t<div class=\"services-inside\">\n\t\t\t\t\t\t\t\t\t<div class=\"thumbnail\">\n\t\t\t\t\t\t\t\t\t\t\t<a href=\"https:\/\/kliumed.de\/index.php\/orthomolekulare-medizin\/\" title=\"Orthomolekulare Medizin\" class=\"has-border\">\n\t\t\t\t\t\t\t\t\t\t\t\t\t\t\t\t\t\t<img loading=\"lazy\" decoding=\"async\" width=\"260\" height=\"260\" src=\"https:\/\/kliumed.de\/wp-content\/uploads\/2016\/03\/Fotolia_80981582_XS_2.jpg\" class=\"attachment-full size-full\" alt=\"\" srcset=\"https:\/\/kliumed.de\/wp-content\/uploads\/2016\/03\/Fotolia_80981582_XS_2.jpg 260w, https:\/\/kliumed.de\/wp-content\/uploads\/2016\/03\/Fotolia_80981582_XS_2-100x100.jpg 100w, https:\/\/kliumed.de\/wp-content\/uploads\/2016\/03\/Fotolia_80981582_XS_2-80x80.jpg 80w, https:\/\/kliumed.de\/wp-content\/uploads\/2016\/03\/Fotolia_80981582_XS_2-60x60.jpg 60w, https:\/\/kliumed.de\/wp-content\/uploads\/2016\/03\/Fotolia_80981582_XS_2-43x43.jpg 43w, https:\/\/kliumed.de\/wp-content\/uploads\/2016\/03\/Fotolia_80981582_XS_2-100x100@2x.jpg 200w, https:\/\/kliumed.de\/wp-content\/uploads\/2016\/03\/Fotolia_80981582_XS_2-80x80@2x.jpg 160w, https:\/\/kliumed.de\/wp-content\/uploads\/2016\/03\/Fotolia_80981582_XS_2-60x60@2x.jpg 120w, https:\/\/kliumed.de\/wp-content\/uploads\/2016\/03\/Fotolia_80981582_XS_2-43x43@2x.jpg 86w\" sizes=\"auto, (max-width: 260px) 100vw, 260px\" \/>\t\t\t\t\t\t\t\t\t\t\t\t\t\t\t\t\t<\/a>\n\t\t\t\t\t\t\t\t\t<\/div>\n\t\t\t\t\t\t\t\t\t<div class=\"sep-2\"><\/div>\n\t\t\t\t\t\t\t\t\t\t\t\t\t\t<h3 class=\"services-title\">\n\t\t\t\t\t\t\t\t\t<a href=\"https:\/\/kliumed.de\/index.php\/orthomolekulare-medizin\/\" title=\"Orthomolekulare Medizin\">Orthomolekulare Medizin<\/a>\n\t\t\t\t\t\t\t<\/h3>\n\t\t\t\t\t\t\t<div class=\"services-content\">\nDurch gezielte Analysen von Mikron\u00e4hrstoffen wie z.B. Vitaminen, Spurenelementen, Antioxidantien und Aminos\u00e4uren k\u00f6nnen wir individuelle\u00a0Empfehlungen zu Nahrungserg\u00e4nzungen abgeben.<br \/>\nH\u00e4ufige Anwendungsgebiete sind Ersch\u00f6pfungszust\u00e4nde\u00a0und die komplement\u00e4re Krebstherapie.<br \/>\n<\/div>\n\t\t\t\t\t\t\t<div class=\"services-button-wrap\">\n\t\t\t\t<a href=\"https:\/\/kliumed.de\/index.php\/orthomolekulare-medizin\/\"><span class=\"btext\">mehr erfahren<\/span><\/a>\n\t\t\t<\/div>\n\t\t\t<\/div>\n<\/div>\n<\/div><\/div>\n<p><a name=\"beratung-diagnostik\"><\/a><\/p>\n<div class=\"push\" style='height:35px'><\/div>\n","protected":false},"excerpt":{"rendered":"","protected":false},"author":3,"featured_media":0,"parent":0,"menu_order":0,"comment_status":"closed","ping_status":"open","template":"","meta":{"footnotes":""},"class_list":["post-8632","page","type-page","status-publish"],"_links":{"self":[{"href":"https:\/\/kliumed.de\/index.php\/wp-json\/wp\/v2\/pages\/8632","targetHints":{"allow":["GET"]}}],"collection":[{"href":"https:\/\/kliumed.de\/index.php\/wp-json\/wp\/v2\/pages"}],"about":[{"href":"https:\/\/kliumed.de\/index.php\/wp-json\/wp\/v2\/types\/page"}],"author":[{"embeddable":true,"href":"https:\/\/kliumed.de\/index.php\/wp-json\/wp\/v2\/users\/3"}],"replies":[{"embeddable":true,"href":"https:\/\/kliumed.de\/index.php\/wp-json\/wp\/v2\/comments?post=8632"}],"version-history":[{"count":95,"href":"https:\/\/kliumed.de\/index.php\/wp-json\/wp\/v2\/pages\/8632\/revisions"}],"predecessor-version":[{"id":10949,"href":"https:\/\/kliumed.de\/index.php\/wp-json\/wp\/v2\/pages\/8632\/revisions\/10949"}],"wp:attachment":[{"href":"https:\/\/kliumed.de\/index.php\/wp-json\/wp\/v2\/media?parent=8632"}],"curies":[{"name":"wp","href":"https:\/\/api.w.org\/{rel}","templated":true}]}}