{"id":8680,"date":"2016-03-26T01:56:01","date_gmt":"2016-03-25T23:56:01","guid":{"rendered":"http:\/\/www.homepage-fuer-firmen.de\/bsp11\/?page_id=8680"},"modified":"2016-10-26T19:35:42","modified_gmt":"2016-10-26T17:35:42","slug":"ernaehrungsberatung","status":"publish","type":"page","link":"https:\/\/kliumed.de\/index.php\/ernaehrungsberatung\/","title":{"rendered":"Ern\u00e4hrungsberatung"},"content":{"rendered":"<div class=\"row \"><div class=\"wpv-grid grid-1-3  wpv-first-level first has-background unextended\" style=\"background-color:#fcfde0;padding-top:0px;padding-bottom:0px\" id=\"wpv-column-33a9e9dd55aac89d9bd77ece1d841b12\" ><style scoped>#wpv-column-33a9e9dd55aac89d9bd77ece1d841b12 p,#wpv-column-33a9e9dd55aac89d9bd77ece1d841b12 em,#wpv-column-33a9e9dd55aac89d9bd77ece1d841b12 .column-title,#wpv-column-33a9e9dd55aac89d9bd77ece1d841b12 .sep-text h2.regular-title-wrapper,#wpv-column-33a9e9dd55aac89d9bd77ece1d841b12 .text-divider-double,#wpv-column-33a9e9dd55aac89d9bd77ece1d841b12 .sep-text .sep-text-line,#wpv-column-33a9e9dd55aac89d9bd77ece1d841b12 .sep,#wpv-column-33a9e9dd55aac89d9bd77ece1d841b12 .sep-2,#wpv-column-33a9e9dd55aac89d9bd77ece1d841b12 .sep-3,#wpv-column-33a9e9dd55aac89d9bd77ece1d841b12 td,#wpv-column-33a9e9dd55aac89d9bd77ece1d841b12 th,#wpv-column-33a9e9dd55aac89d9bd77ece1d841b12 caption{color:#cad10d;}#wpv-column-33a9e9dd55aac89d9bd77ece1d841b12:before{background-color:transparent;}<\/style><div class=\"push\" style='height:30px'><\/div>\n<div class=\"services clearfix fullimage has-image has-icon no-button \" style=\"text-align:center;\">\n\t<div class=\"services-inside\">\n\t\t\t\t\t\t\t\t\t<div class=\"thumbnail\">\n\t\t\t\t\t\t\t\t\t\t\t\t\t\t\t\t\t\t<img loading=\"lazy\" decoding=\"async\" width=\"281\" height=\"281\" src=\"https:\/\/kliumed.de\/wp-content\/uploads\/2016\/03\/Fotolia_93557956_XS-e1476521450976.jpg\" class=\"attachment-full size-full\" alt=\"\" srcset=\"https:\/\/kliumed.de\/wp-content\/uploads\/2016\/03\/Fotolia_93557956_XS-e1476521450976.jpg 281w, https:\/\/kliumed.de\/wp-content\/uploads\/2016\/03\/Fotolia_93557956_XS-e1476521450976-100x100.jpg 100w, https:\/\/kliumed.de\/wp-content\/uploads\/2016\/03\/Fotolia_93557956_XS-e1476521450976-80x80.jpg 80w, https:\/\/kliumed.de\/wp-content\/uploads\/2016\/03\/Fotolia_93557956_XS-e1476521450976-60x60.jpg 60w, https:\/\/kliumed.de\/wp-content\/uploads\/2016\/03\/Fotolia_93557956_XS-e1476521450976-43x43.jpg 43w, https:\/\/kliumed.de\/wp-content\/uploads\/2016\/03\/Fotolia_93557956_XS-e1476521450976-262x262.jpg 262w, https:\/\/kliumed.de\/wp-content\/uploads\/2016\/03\/Fotolia_93557956_XS-e1476521450976-100x100@2x.jpg 200w\" sizes=\"auto, (max-width: 281px) 100vw, 281px\" \/>\t\t\t\t\t\t\t\t\t\t\t\t\t\t\t<\/div>\n\t\t\t\t\t\t\t\t\t<div class=\"sep-2\"><\/div>\n\t\t\t\t\t\t\t\t\t\t\t\t\t\t<h3 class=\"services-title\">\n\t\t\t\t\t\t\t\t\tKonzept der bewu\u00dften Ern\u00e4hrung\t\t\t\t\t\t\t<\/h3>\n\t\t\t\t\t\t\t<div class=\"services-content\">\n<p style=\"text-align: center;\"><span style=\"color: #808080;\">Wir f\u00fchren gezielte individuelle Schulungen u.a. bei Adipositas, Diabetes mellitus, Allergien und Unvertr\u00e4glichkeiten\u00a0sowie im Rahmen von Stoffwechselanalysen durch.<\/span><\/div>\n\t\t\t\t\t<\/div>\n<\/div>\n\n<div class=\"push\" style='height:25px'><\/div><\/div>\n<div class=\"wpv-grid grid-2-3  wpv-first-level has-background unextended\" style=\"\n\t\t\t\tbackground: url( 'http:\/\/homepage-fuer-firmen.de\/bsp11\/wp-content\/uploads\/2014\/05\/logo-bg1.png' ) no-repeat center center;\n\t\t\t\tbackground-size: cover;\n\t\t\t\tbackground-attachment: ;\n\t\t\tpadding-top:0px;padding-bottom:0px\" id=\"wpv-column-14aac70e9ea04ade675f3b7a899c6c66\" ><h2>Wozu Ern\u00e4hrungsberatung ?<\/h2>\n<p>Jeden Tag erreichen uns \u00fcber die Medien viele Informationen zum Thema Ern\u00e4hrung. Nicht jede Ern\u00e4hrungsform ist f\u00fcr jedermann gleicherma\u00dfen geeignet. In <strong>Einzelgespr\u00e4chen<\/strong> m\u00f6chten wir Ihnen die M\u00f6glichkeiten aufzeigen, wie sie sich <strong>individuell<\/strong> und gesund ern\u00e4hren k\u00f6nnen.<\/p>\n<p><span style=\"color: #ffffff;\">.<\/span><\/p>\n<h2>Verschiedene Erkrankungen erfordern besondere Ern\u00e4hrungsformen !<\/h2>\n<p>Als ausgebildete <strong>Ern\u00e4hrungsberaterin<\/strong> kann <strong>Frau Yvonne Schmitt<\/strong> Sie bei Gewichtsproblemen, Auslassdi\u00e4ten ( z.B. im Rahmen einer Nahrungsmittelallergie), und Candida-Infektionen beraten.<\/p>\n<p><span style=\"color: #ffffff;\">.<\/span><\/p>\n<h2>Alternative Stoffwechselanalyse<\/h2>\n<p>Auch im Rahmen einer genetischen Stoffwechselanalyse k\u00f6nnen wir Ihnen eine detaillierte\u00a0Empfehlung zur passenden <strong>Ern\u00e4hrungsform<\/strong> (z.B. kohlenhydratreiche oder eiwei\u00dfreiche Kost) und <strong>Bewegungsform<\/strong> (z.B. eher ausdauerbasierte oder kraftbasierte Sportart) aussprechen.\u00a0Hierzu reicht als\u00a0geeignetes Material eine schmerzfreie <strong>Speichelprobe<\/strong> aus.<\/p>\n<p><span style=\"color: #ffffff;\">.<\/span><\/p>\n<p>Diese Leistungen sind\u00a0<strong>Komfortleistungen<\/strong> und werden in der Regel nicht von den gesetzlichen,\u00a0zum\u00a0Teil von den privaten\u00a0Krankenkassen \u00fcbernommen. Bitte setzen Sie sich vor Beratungsbeginn mit Ihrer Krankenkasse in Verbindung, und kl\u00e4ren Sie eine etwaige Kosten\u00fcbernahme im Vorfeld ab.<\/div><\/div>\n","protected":false},"excerpt":{"rendered":"<p>Wozu Ern\u00e4hrungsberatung ? Jeden Tag erreichen uns \u00fcber die Medien viele Informationen zum Thema Ern\u00e4hrung. Nicht jede Ern\u00e4hrungsform ist f\u00fcr jedermann gleicherma\u00dfen geeignet. In Einzelgespr\u00e4chen m\u00f6chten wir Ihnen die M\u00f6glichkeiten aufzeigen, wie sie sich individuell und gesund ern\u00e4hren k\u00f6nnen. . Verschiedene Erkrankungen erfordern besondere Ern\u00e4hrungsformen ! Als ausgebildete Ern\u00e4hrungsberaterin kann Frau Yvonne Schmitt Sie bei&#8230;<\/p>\n","protected":false},"author":3,"featured_media":0,"parent":0,"menu_order":0,"comment_status":"closed","ping_status":"open","template":"","meta":{"footnotes":""},"class_list":["post-8680","page","type-page","status-publish"],"_links":{"self":[{"href":"https:\/\/kliumed.de\/index.php\/wp-json\/wp\/v2\/pages\/8680","targetHints":{"allow":["GET"]}}],"collection":[{"href":"https:\/\/kliumed.de\/index.php\/wp-json\/wp\/v2\/pages"}],"about":[{"href":"https:\/\/kliumed.de\/index.php\/wp-json\/wp\/v2\/types\/page"}],"author":[{"embeddable":true,"href":"https:\/\/kliumed.de\/index.php\/wp-json\/wp\/v2\/users\/3"}],"replies":[{"embeddable":true,"href":"https:\/\/kliumed.de\/index.php\/wp-json\/wp\/v2\/comments?post=8680"}],"version-history":[{"count":17,"href":"https:\/\/kliumed.de\/index.php\/wp-json\/wp\/v2\/pages\/8680\/revisions"}],"predecessor-version":[{"id":9173,"href":"https:\/\/kliumed.de\/index.php\/wp-json\/wp\/v2\/pages\/8680\/revisions\/9173"}],"wp:attachment":[{"href":"https:\/\/kliumed.de\/index.php\/wp-json\/wp\/v2\/media?parent=8680"}],"curies":[{"name":"wp","href":"https:\/\/api.w.org\/{rel}","templated":true}]}}