{"id":8944,"date":"2016-10-14T18:51:37","date_gmt":"2016-10-14T16:51:37","guid":{"rendered":"http:\/\/www.homepage-fuer-firmen.de\/bsp11\/?page_id=8944"},"modified":"2019-12-28T10:17:01","modified_gmt":"2019-12-28T08:17:01","slug":"laborleistungen","status":"publish","type":"page","link":"https:\/\/kliumed.de\/index.php\/laborleistungen\/","title":{"rendered":"Laborleistungen"},"content":{"rendered":"<div class=\"row \"><div class=\"wpv-grid grid-1-3  wpv-first-level first has-background unextended\" style=\"background-color:#fcfde0;padding-top:0px;padding-bottom:0px\" id=\"wpv-column-356d64d624fca30e1ebb4c5bca7c610a\" ><style scoped>#wpv-column-356d64d624fca30e1ebb4c5bca7c610a p,#wpv-column-356d64d624fca30e1ebb4c5bca7c610a em,#wpv-column-356d64d624fca30e1ebb4c5bca7c610a .column-title,#wpv-column-356d64d624fca30e1ebb4c5bca7c610a .sep-text h2.regular-title-wrapper,#wpv-column-356d64d624fca30e1ebb4c5bca7c610a .text-divider-double,#wpv-column-356d64d624fca30e1ebb4c5bca7c610a .sep-text .sep-text-line,#wpv-column-356d64d624fca30e1ebb4c5bca7c610a .sep,#wpv-column-356d64d624fca30e1ebb4c5bca7c610a .sep-2,#wpv-column-356d64d624fca30e1ebb4c5bca7c610a .sep-3,#wpv-column-356d64d624fca30e1ebb4c5bca7c610a td,#wpv-column-356d64d624fca30e1ebb4c5bca7c610a th,#wpv-column-356d64d624fca30e1ebb4c5bca7c610a caption{color:#cad10d;}#wpv-column-356d64d624fca30e1ebb4c5bca7c610a:before{background-color:transparent;}<\/style><div class=\"push\" style='height:30px'><\/div>\n<div class=\"services clearfix fullimage has-image has-icon no-button \" style=\"text-align:center;\">\n\t<div class=\"services-inside\">\n\t\t\t\t\t\t\t\t\t<div class=\"thumbnail\">\n\t\t\t\t\t\t\t\t\t\t\t\t\t\t\t\t\t\t<img loading=\"lazy\" decoding=\"async\" width=\"1593\" height=\"261\" src=\"https:\/\/kliumed.de\/wp-content\/uploads\/2016\/03\/slider_leistungen2.jpg\" class=\"attachment-full size-full\" alt=\"\" srcset=\"https:\/\/kliumed.de\/wp-content\/uploads\/2016\/03\/slider_leistungen2.jpg 1593w, https:\/\/kliumed.de\/wp-content\/uploads\/2016\/03\/slider_leistungen2-450x74.jpg 450w, https:\/\/kliumed.de\/wp-content\/uploads\/2016\/03\/slider_leistungen2-300x49.jpg 300w, https:\/\/kliumed.de\/wp-content\/uploads\/2016\/03\/slider_leistungen2-1030x169.jpg 1030w, https:\/\/kliumed.de\/wp-content\/uploads\/2016\/03\/slider_leistungen2-600x98.jpg 600w, https:\/\/kliumed.de\/wp-content\/uploads\/2016\/03\/slider_leistungen2-1140x187.jpg 1140w, https:\/\/kliumed.de\/wp-content\/uploads\/2016\/03\/slider_leistungen2-555x91.jpg 555w, https:\/\/kliumed.de\/wp-content\/uploads\/2016\/03\/slider_leistungen2-360x59.jpg 360w, https:\/\/kliumed.de\/wp-content\/uploads\/2016\/03\/slider_leistungen2-262x43.jpg 262w, https:\/\/kliumed.de\/wp-content\/uploads\/2016\/03\/slider_leistungen2-600x98@2x.jpg 1200w, https:\/\/kliumed.de\/wp-content\/uploads\/2016\/03\/slider_leistungen2-555x91@2x.jpg 1110w, https:\/\/kliumed.de\/wp-content\/uploads\/2016\/03\/slider_leistungen2-360x59@2x.jpg 720w, https:\/\/kliumed.de\/wp-content\/uploads\/2016\/03\/slider_leistungen2-262x43@2x.jpg 524w\" sizes=\"auto, (max-width: 1593px) 100vw, 1593px\" \/>\t\t\t\t\t\t\t\t\t\t\t\t\t\t\t<\/div>\n\t\t\t\t\t\t\t\t\t<div class=\"sep-2\"><\/div>\n\t\t\t\t\t\t\t\t\t\t\t\t\t\t<h3 class=\"services-title\">\n\t\t\t\t\t\t\t\t\tSchnelle Ergebnisse online\t\t\t\t\t\t\t<\/h3>\n\t\t\t\t\t\t\t<div class=\"services-content\">\n<\/div>\n\t\t\t\t\t<\/div>\n<\/div>\n\n<div class=\"push\" style='height:25px'><\/div><\/div>\n<div class=\"wpv-grid grid-2-3  wpv-first-level unextended\" style=\"padding-top:0px;padding-bottom:0px\" id=\"wpv-column-4c825661b4f4f3f01d5ba70487ffbe49\" ><p style=\"text-align: left;\">\n<p><strong>Blutentnahmen<\/strong> f\u00fcr entsprechende Laboranalysen f\u00fchren wir routinem\u00e4\u00dfig in der Praxis durch.<\/p>\n<p>Bei akuten sowie chronischen Erkrankungen, im Rahmen bestimmter Disease Management Programme (DMP) sowie unter medikament\u00f6ser Therapie sind <strong>regelm\u00e4\u00dfige Kontrollen<\/strong> der Blutwerte erforderlich.<\/p>\n<p>Durch Zusammenarbeit mit <strong>zertifizierten Laboren i<\/strong>n Mainz, Berlin und Augsburg gew\u00e4hrleisten wir rasche und valide Ergebnisse in kurzer Zeit.<\/p>\n<p>Auch <strong>spezielle Laborparameter<\/strong> sind messbar. Analysen von Mikron\u00e4hrstoffen, Spurenelementen und Vitaminen sowie spezifische Parameter im Rahmen chronischer Erkrankungen (wie z.B. Allergie, Krebs, Borreliose, umweltassoziierten Erkrankungen) werden regelm\u00e4\u00dfig durchgef\u00fchrt. Lesen Sie hierzu auch unsere Seite <a href=\"https:\/\/kliumed.de\/index.php\/orthomolekulare-medizin\/\">Orthomolekulare Medizin<\/a>.<\/div><\/div>\n","protected":false},"excerpt":{"rendered":"<p>Blutentnahmen f\u00fcr entsprechende Laboranalysen f\u00fchren wir routinem\u00e4\u00dfig in der Praxis durch. Bei akuten sowie chronischen Erkrankungen, im Rahmen bestimmter Disease Management Programme (DMP) sowie unter medikament\u00f6ser Therapie sind regelm\u00e4\u00dfige Kontrollen der Blutwerte erforderlich. Durch Zusammenarbeit mit zertifizierten Laboren in Mainz, Berlin und Augsburg gew\u00e4hrleisten wir rasche und valide Ergebnisse in kurzer Zeit. Auch spezielle Laborparameter&#8230;<\/p>\n","protected":false},"author":3,"featured_media":0,"parent":0,"menu_order":0,"comment_status":"closed","ping_status":"closed","template":"","meta":{"footnotes":""},"class_list":["post-8944","page","type-page","status-publish"],"_links":{"self":[{"href":"https:\/\/kliumed.de\/index.php\/wp-json\/wp\/v2\/pages\/8944","targetHints":{"allow":["GET"]}}],"collection":[{"href":"https:\/\/kliumed.de\/index.php\/wp-json\/wp\/v2\/pages"}],"about":[{"href":"https:\/\/kliumed.de\/index.php\/wp-json\/wp\/v2\/types\/page"}],"author":[{"embeddable":true,"href":"https:\/\/kliumed.de\/index.php\/wp-json\/wp\/v2\/users\/3"}],"replies":[{"embeddable":true,"href":"https:\/\/kliumed.de\/index.php\/wp-json\/wp\/v2\/comments?post=8944"}],"version-history":[{"count":11,"href":"https:\/\/kliumed.de\/index.php\/wp-json\/wp\/v2\/pages\/8944\/revisions"}],"predecessor-version":[{"id":10480,"href":"https:\/\/kliumed.de\/index.php\/wp-json\/wp\/v2\/pages\/8944\/revisions\/10480"}],"wp:attachment":[{"href":"https:\/\/kliumed.de\/index.php\/wp-json\/wp\/v2\/media?parent=8944"}],"curies":[{"name":"wp","href":"https:\/\/api.w.org\/{rel}","templated":true}]}}