{"id":8989,"date":"2016-10-15T15:46:44","date_gmt":"2016-10-15T13:46:44","guid":{"rendered":"http:\/\/www.homepage-fuer-firmen.de\/bsp11\/?page_id=8989"},"modified":"2022-09-13T22:33:00","modified_gmt":"2022-09-13T20:33:00","slug":"manuelle_medizin","status":"publish","type":"page","link":"https:\/\/kliumed.de\/index.php\/manuelle_medizin\/","title":{"rendered":"Manuelle Medizin \/ Chirotherapie"},"content":{"rendered":"<div class=\"row \"><div class=\"wpv-grid grid-2-3  wpv-first-level first has-background unextended\" style=\"\n\t\t\t\tbackground: url( 'http:\/\/homepage-fuer-firmen.de\/bsp11\/wp-content\/uploads\/2014\/05\/logo-bg1.png' ) no-repeat center center;\n\t\t\t\tbackground-size: cover;\n\t\t\t\tbackground-attachment: ;\n\t\t\tpadding-top:0px;padding-bottom:0px\" id=\"wpv-column-ffeaff22c320f223ebded7ba30003206\" ><h2>Was ist mit Chirotherapie gemeint ?<\/h2>\n<p>Die<strong> Chirotherapie oder auch Manuelle Medizin<\/strong> genannt ist eine sehr alte Therapieform und befasst sich mit <strong>in Funktion gest\u00f6rten<\/strong> Gelenken, Muskeln und\u00a0Faszien (feine Bindegewebsz\u00fcge). Insbesondere <strong>Gelenke der Wirbels\u00e4ule<\/strong> sind h\u00e4ufig von <strong>Blockierungen<\/strong> betroffen.<\/p>\n<p>Nach vorheriger Untersuchung und Aufkl\u00e4rung\u00a0des Patienten erfolgt die gezielte <strong>Mobilisation oder Manipulation (Mobilisation mit Impuls)<\/strong> des entsprechenden Gelenkes. Oft werden auch <strong>Techniken aus der Osteopathie<\/strong> unterst\u00fctzend hinzugezogen, um eine sanfte und schmerzfreie Mobilisation zu erm\u00f6glichen.<\/p>\n<p>Da diese Art der Diagnostik und Therapie zeitlich sehr aufwendig ist, haben wir hierf\u00fcr<strong> spezielle Termine<\/strong> eingerichtet.<\/p>\n<p><span style=\"color: #ffffff;\">.<\/span><\/p>\n<h2>Die Manuelle Medizin hat auch Grenzen<\/h2>\n<p>Besteht der Verdacht auf eine<strong> strukturelle Erkrankung<\/strong> (z.B. Knochenbruch oder akuter Bandscheibenvorfall) oder ist die Bewegung aufgrund akuter starker Schmerzen in allen Richtungen eingeschr\u00e4nkt, darf eine chirotherapeutische Behandlung insbesondere mit Manipulation <strong>nicht<\/strong> durchgef\u00fchrt werden. Hier \u00a0sollte erst eine <strong>Abkl\u00e4rung mittels bildgebenden Verfahren<\/strong> wie z.B. R\u00f6ntgen, CT oder MRT veranlasst werden. Auch Erkrankungen wie z.B. akutes Rheuma oder\u00a0Krebserkrankung mit Befall des Bewegungsapparates stellen <strong>Gegenanzeigen<\/strong> dar.<\/div>\n<div class=\"wpv-grid grid-1-3  wpv-first-level has-background unextended\" style=\"background-color:#fcfde0;padding-top:0px;padding-bottom:0px\" id=\"wpv-column-ecc1e2b2a6fe8d1ffcdf368e81187e7e\" ><style scoped>#wpv-column-ecc1e2b2a6fe8d1ffcdf368e81187e7e p,#wpv-column-ecc1e2b2a6fe8d1ffcdf368e81187e7e em,#wpv-column-ecc1e2b2a6fe8d1ffcdf368e81187e7e .column-title,#wpv-column-ecc1e2b2a6fe8d1ffcdf368e81187e7e .sep-text h2.regular-title-wrapper,#wpv-column-ecc1e2b2a6fe8d1ffcdf368e81187e7e .text-divider-double,#wpv-column-ecc1e2b2a6fe8d1ffcdf368e81187e7e .sep-text .sep-text-line,#wpv-column-ecc1e2b2a6fe8d1ffcdf368e81187e7e .sep,#wpv-column-ecc1e2b2a6fe8d1ffcdf368e81187e7e .sep-2,#wpv-column-ecc1e2b2a6fe8d1ffcdf368e81187e7e .sep-3,#wpv-column-ecc1e2b2a6fe8d1ffcdf368e81187e7e td,#wpv-column-ecc1e2b2a6fe8d1ffcdf368e81187e7e th,#wpv-column-ecc1e2b2a6fe8d1ffcdf368e81187e7e caption{color:#cad10d;}#wpv-column-ecc1e2b2a6fe8d1ffcdf368e81187e7e:before{background-color:transparent;}<\/style><div class=\"push\" style='height:30px'><\/div>\n<div class=\"services clearfix fullimage has-image has-icon no-button \" style=\"text-align:center;\">\n\t<div class=\"services-inside\">\n\t\t\t\t\t\t\t\t\t<div class=\"thumbnail\">\n\t\t\t\t\t\t\t\t\t\t\t\t\t\t\t\t\t\t<img loading=\"lazy\" decoding=\"async\" width=\"314\" height=\"314\" src=\"https:\/\/kliumed.de\/wp-content\/uploads\/2014\/05\/testiconbildservice1.png\" class=\"attachment-full size-full\" alt=\"\" srcset=\"https:\/\/kliumed.de\/wp-content\/uploads\/2014\/05\/testiconbildservice1.png 314w, https:\/\/kliumed.de\/wp-content\/uploads\/2014\/05\/testiconbildservice1-100x100.png 100w, https:\/\/kliumed.de\/wp-content\/uploads\/2014\/05\/testiconbildservice1-300x300.png 300w, https:\/\/kliumed.de\/wp-content\/uploads\/2014\/05\/testiconbildservice1-80x80.png 80w, https:\/\/kliumed.de\/wp-content\/uploads\/2014\/05\/testiconbildservice1-60x60.png 60w, https:\/\/kliumed.de\/wp-content\/uploads\/2014\/05\/testiconbildservice1-43x43.png 43w, https:\/\/kliumed.de\/wp-content\/uploads\/2014\/05\/testiconbildservice1-262x262.png 262w, https:\/\/kliumed.de\/wp-content\/uploads\/2014\/05\/testiconbildservice1-100x100@2x.png 200w\" sizes=\"auto, (max-width: 314px) 100vw, 314px\" \/>\t\t\t\t\t\t\t\t\t\t\t\t\t\t\t<\/div>\n\t\t\t\t\t\t\t\t\t<div class=\"sep-2\"><\/div>\n\t\t\t\t\t\t\t\t\t\t\t\t\t\t<h3 class=\"services-title\">\n\t\t\t\t\t\t\t\t\tManuelle Medizin\t\t\t\t\t\t\t<\/h3>\n\t\t\t\t\t\t\t<div class=\"services-content\">\n<p style=\"text-align: center;\"><span style=\"color: #808080;\">Hier wird die Manuelle Medizin oder Chirotherapie im Bereich\u00a0eines blockierten\u00a0Rippen-Wirbelgelenkes angewendet.\u00a0<\/span><span style=\"color: #808080;\">Der Patient sollte dazu entspannt auf einer Chirotherapieliege gelagert werden.<\/span><\/div>\n\t\t\t\t\t<\/div>\n<\/div>\n<\/div><\/div>\n\t\t<div class=\"sep-text single centered\">\n\t\t\t\t\t\t\t<span class=\"sep-text-before\"><div class=\"sep-text-line\"><\/div><\/span>\n\t\t\t\t\t\t<div class=\"content\">\n\t\t\t\t<h2 class=\"text-divider-double\">\nKinesio &#8211; Taping<\/h2>\t\t\t<\/div>\n\t\t\t<span class=\"sep-text-after\"><div class=\"sep-text-line\"><\/div><\/span>\n\t\t\t\t\t<\/div>\n\t\n<div class=\"row \"><div class=\"wpv-grid grid-1-4  wpv-first-level first unextended animation-fade-in animated-active\" style=\"padding-top:0px;padding-bottom:0px\" id=\"wpv-column-62b6ef802a058a52533eba0d646e89d7\" ><div class=\"services clearfix fullimage has-image has-icon no-button \" style=\"text-align:center;\">\n\t<div class=\"services-inside\">\n\t\t\t\t\t\t\t\t\t<div class=\"thumbnail\">\n\t\t\t\t\t\t\t\t\t\t\t\t\t\t\t\t\t\t<img loading=\"lazy\" decoding=\"async\" width=\"424\" height=\"283\" src=\"https:\/\/kliumed.de\/wp-content\/uploads\/2016\/10\/Fotolia_90603138_XS.jpg\" class=\"attachment-full size-full\" alt=\"\" srcset=\"https:\/\/kliumed.de\/wp-content\/uploads\/2016\/10\/Fotolia_90603138_XS.jpg 424w, https:\/\/kliumed.de\/wp-content\/uploads\/2016\/10\/Fotolia_90603138_XS-300x200.jpg 300w, https:\/\/kliumed.de\/wp-content\/uploads\/2016\/10\/Fotolia_90603138_XS-360x240.jpg 360w, https:\/\/kliumed.de\/wp-content\/uploads\/2016\/10\/Fotolia_90603138_XS-262x175.jpg 262w\" sizes=\"auto, (max-width: 424px) 100vw, 424px\" \/>\t\t\t\t\t\t\t\t\t\t\t\t\t\t\t<\/div>\n\t\t\t\t\t\t\t\t\t<div class=\"sep-2\"><\/div>\n\t\t\t\t\t\t\t\t\t\t\t\t\t\t\t\t<div class=\"services-content\">\n<p style=\"text-align: center;\">Vor Anlage eines Kinesio-Tapes erfolgt eine genaue Funktionsanalyse des gest\u00f6rten Bereichs.<\/div>\n\t\t\t\t\t<\/div>\n<\/div>\n<\/div>\n<div class=\"wpv-grid grid-3-4  wpv-first-level unextended\" style=\"padding-top:0px;padding-bottom:0px\" id=\"wpv-column-e29d1d901ee83d30b291475131161321\" ><h2>Einfache Unterst\u00fctzung des Bewegungsapparates<\/h2>\n<p>Durch gezielte Anwendung von dehnbaren Tapes &#8211; <strong>sog. Kinesio Tapes<\/strong> &#8211; kann eine <strong>Schmerzreduktion und Funktionsverbesserung<\/strong> von Gelenken, Muskeln und Faszien erfolgen. Die <strong>Durchblutung<\/strong> wird verbessert, der<strong> Stoffwechsel lokal angeregt<\/strong> und lymphatische Fl\u00fcssigkeit, welche bei Verletzungen h\u00e4ufig vermehrt produziert wird, schneller abtransportiert.<\/p>\n<h2>Schnell zum Erfolg<\/h2>\n<p>Diese Art der Therapie ist schnell anzuwenden, der Erfolg im Regelfall rasch und <strong>anhaltend<\/strong>. Nach einer Weile wird das Tape meistens gar nicht mehr wahrgenommen &#8211; die <strong>Unterst\u00fctzung bleibt<\/strong> jedoch !<\/p>\n<p>Kinesio-Tapes k\u00f6nnen nach Anwendung mehrere Tage, meist <strong>bis zu einer Woche verbleiben<\/strong>. Selten kann es durch Klebstoffe zu lokalen Unvertr\u00e4glichkeitsreaktionen kommen.<\/div><\/div>\n","protected":false},"excerpt":{"rendered":"<p>Was ist mit Chirotherapie gemeint ? Die Chirotherapie oder auch Manuelle Medizin genannt ist eine sehr alte Therapieform und befasst sich mit in Funktion gest\u00f6rten Gelenken, Muskeln und\u00a0Faszien (feine Bindegewebsz\u00fcge). Insbesondere Gelenke der Wirbels\u00e4ule sind h\u00e4ufig von Blockierungen betroffen. Nach vorheriger Untersuchung und Aufkl\u00e4rung\u00a0des Patienten erfolgt die gezielte Mobilisation oder Manipulation (Mobilisation mit Impuls) des&#8230;<\/p>\n","protected":false},"author":3,"featured_media":0,"parent":0,"menu_order":0,"comment_status":"closed","ping_status":"open","template":"","meta":{"footnotes":""},"class_list":["post-8989","page","type-page","status-publish"],"_links":{"self":[{"href":"https:\/\/kliumed.de\/index.php\/wp-json\/wp\/v2\/pages\/8989","targetHints":{"allow":["GET"]}}],"collection":[{"href":"https:\/\/kliumed.de\/index.php\/wp-json\/wp\/v2\/pages"}],"about":[{"href":"https:\/\/kliumed.de\/index.php\/wp-json\/wp\/v2\/types\/page"}],"author":[{"embeddable":true,"href":"https:\/\/kliumed.de\/index.php\/wp-json\/wp\/v2\/users\/3"}],"replies":[{"embeddable":true,"href":"https:\/\/kliumed.de\/index.php\/wp-json\/wp\/v2\/comments?post=8989"}],"version-history":[{"count":8,"href":"https:\/\/kliumed.de\/index.php\/wp-json\/wp\/v2\/pages\/8989\/revisions"}],"predecessor-version":[{"id":10930,"href":"https:\/\/kliumed.de\/index.php\/wp-json\/wp\/v2\/pages\/8989\/revisions\/10930"}],"wp:attachment":[{"href":"https:\/\/kliumed.de\/index.php\/wp-json\/wp\/v2\/media?parent=8989"}],"curies":[{"name":"wp","href":"https:\/\/api.w.org\/{rel}","templated":true}]}}