{"id":8993,"date":"2016-10-15T16:15:27","date_gmt":"2016-10-15T14:15:27","guid":{"rendered":"http:\/\/www.homepage-fuer-firmen.de\/bsp11\/?page_id=8993"},"modified":"2022-09-13T22:31:01","modified_gmt":"2022-09-13T20:31:01","slug":"darmsymbioselenkung","status":"publish","type":"page","link":"https:\/\/kliumed.de\/index.php\/darmsymbioselenkung\/","title":{"rendered":"Darmsymbioselenkung"},"content":{"rendered":"<div class=\"row \"><div class=\"wpv-grid grid-2-3  wpv-first-level first has-background unextended\" style=\"\n\t\t\t\tbackground: url( 'http:\/\/homepage-fuer-firmen.de\/bsp11\/wp-content\/uploads\/2014\/05\/logo-bg1.png' ) no-repeat center center;\n\t\t\t\tbackground-size: cover;\n\t\t\t\tbackground-attachment: ;\n\t\t\tpadding-top:0px;padding-bottom:0px\" id=\"wpv-column-d09000bfa6c6392c629a7f073191e1a8\" ><h2>Gesunde Darmflora = intakte Gesundheit ?<\/h2>\n<p>Circa 100 Milliarden <strong>Bakterien<\/strong> und knapp 2000 verschiedene <strong>Spezies<\/strong> leben in unserem Darm. Sie sorgen dort f\u00fcr eine geregelte Verdauung und helfen bei der Aufbereitung der Nahrung. Bakterien in unserem Darm bilden zum Beispiel auch lebenswichtige Stoffe wie Vitamine und Butters\u00e4ure. Die Komplexit\u00e4t der angesiedelten Mikroorganismen nennt sich <strong>Darmmikrobiom<\/strong>.<\/p>\n<p class=\"bodytext\">Sie wirkt wie eine nat\u00fcrliche <strong>Barriere gegen Krankheitserreger<\/strong> und regt die Schleimhaut an, k\u00f6rpereigene Antibiotika wie zum Beispiel \u00df-Defensine gegen krank machende Bakterien zu bilden. Unser Darm muss sich st\u00e4ndig gegen sch\u00e4dliche Erreger wie Bakterien, Viren, Pilze oder andere Schadstoffe wehren, welche wir tagt\u00e4glich mit der Nahrung aufnehmen.<\/p>\n<p class=\"bodytext\">Unser Darm beherbergt rund <strong>80 Prozent<\/strong> unserer gesamten <strong>k\u00f6rpereigenen Immunzellen<\/strong>. Ein normal funktionierendes Immunsystem wird wiederum \u00fcber bestimmten Bakterienspezies wie zum Beispiel <strong>Enterkokken und Colibakterien (E. coli)<\/strong> vermittelt. Es ist nicht verwunderlich, dass eine fehlregulierte oder reduzierte Darmflora sich negativ auf unser Immunsystem auswirken kann. <strong>Infektanf\u00e4lligkeit<\/strong> oder auch <strong>Allergien<\/strong> (Heuschnupfen, allergisches Asthma) k\u00f6nnen die Folge sein.<\/p>\n<h2>Was sch\u00e4digt unser Darmmikrobiom ?<\/h2>\n<p class=\"bodytext\">Unsere moderne Lebensweise kann hier sch\u00e4dlich sein. <strong>Ung\u00fcnstig<\/strong> sind zum Beispiel:<\/p>\n<ul>\n<li><strong>Fehlern\u00e4hrung<\/strong> mit zuckerreichen, ballaststoffarmen Lebensmitteln<\/li>\n<li><strong>Medikamente<\/strong> (insbesondere Antibiotika, S\u00e4ureblocker, Schmerzmittel)<\/li>\n<li><strong>Stress, Rauchen und Alkohol<\/strong>.<\/li>\n<\/ul>\n<p class=\"bodytext\">Die\u00a0Zusammensetzung der Darmflora wird dadurch ver\u00e4ndert und eine durchl\u00e4ssige Darmschleimhaut (sog. &#8222;<strong>leaky gut<\/strong>&#8222;) beg\u00fcnstigt. Eine bakterielle Fehlbesiedlung kann\u00a0eine negative Auswirkung auf den Vitaminhaushalt und die Abwehrkr\u00e4fte zur Folge haben.<\/p>\n<h2 class=\"bodytext\">Was kann man tun ?<\/h2>\n<p class=\"bodytext\">Durch eine Untersuchung der <strong>Darmflora<\/strong> und spezieller <strong>Darmschleimhautmarker<\/strong> mittels Stuhl- und Blutprobe k\u00f6nnen Abweichungen festgestellt werden. Es folgt im n\u00e4chsten Schritt die Therapie mittels Darmsanierung (auch <strong>Darmsymbioselenkung<\/strong> genannt), wobei gezielt diejenigen Bakterien zugef\u00fchrt werden, welche reduziert oder so gut wie nicht mehr vorhanden sind.<\/p>\n<p class=\"bodytext\"><a href=\"https:\/\/kliumed.de\/wp-content\/uploads\/2016\/10\/Entwicklung-der-Darmflora.pdf\">Flyer Entwicklung der Darmflora (Mikrobiologisches Institut, Herborn)<\/a><\/div>\n<div class=\"wpv-grid grid-1-3  wpv-first-level has-background unextended\" style=\"background-color:#fcfde0;padding-top:0px;padding-bottom:0px\" id=\"wpv-column-db5d0722657b8e6df4ed69dc1a3dfe89\" ><style scoped>#wpv-column-db5d0722657b8e6df4ed69dc1a3dfe89 p,#wpv-column-db5d0722657b8e6df4ed69dc1a3dfe89 em,#wpv-column-db5d0722657b8e6df4ed69dc1a3dfe89 .column-title,#wpv-column-db5d0722657b8e6df4ed69dc1a3dfe89 .sep-text h2.regular-title-wrapper,#wpv-column-db5d0722657b8e6df4ed69dc1a3dfe89 .text-divider-double,#wpv-column-db5d0722657b8e6df4ed69dc1a3dfe89 .sep-text .sep-text-line,#wpv-column-db5d0722657b8e6df4ed69dc1a3dfe89 .sep,#wpv-column-db5d0722657b8e6df4ed69dc1a3dfe89 .sep-2,#wpv-column-db5d0722657b8e6df4ed69dc1a3dfe89 .sep-3,#wpv-column-db5d0722657b8e6df4ed69dc1a3dfe89 td,#wpv-column-db5d0722657b8e6df4ed69dc1a3dfe89 th,#wpv-column-db5d0722657b8e6df4ed69dc1a3dfe89 caption{color:#cad10d;}#wpv-column-db5d0722657b8e6df4ed69dc1a3dfe89:before{background-color:transparent;}<\/style><div class=\"push\" style='height:30px'><\/div>\n<div class=\"services clearfix fullimage has-image has-icon no-button \" style=\"text-align:center;\">\n\t<div class=\"services-inside\">\n\t\t\t\t\t\t\t\t\t<div class=\"thumbnail\">\n\t\t\t\t\t\t\t\t\t\t\t\t\t\t\t\t\t\t<img loading=\"lazy\" decoding=\"async\" width=\"412\" height=\"291\" src=\"https:\/\/kliumed.de\/wp-content\/uploads\/2016\/03\/Fotolia_92533760_XS.jpg\" class=\"attachment-full size-full\" alt=\"\" srcset=\"https:\/\/kliumed.de\/wp-content\/uploads\/2016\/03\/Fotolia_92533760_XS.jpg 412w, https:\/\/kliumed.de\/wp-content\/uploads\/2016\/03\/Fotolia_92533760_XS-300x212.jpg 300w, https:\/\/kliumed.de\/wp-content\/uploads\/2016\/03\/Fotolia_92533760_XS-360x254.jpg 360w, https:\/\/kliumed.de\/wp-content\/uploads\/2016\/03\/Fotolia_92533760_XS-262x185.jpg 262w\" sizes=\"auto, (max-width: 412px) 100vw, 412px\" \/>\t\t\t\t\t\t\t\t\t\t\t\t\t\t\t<\/div>\n\t\t\t\t\t\t\t\t\t<div class=\"sep-2\"><\/div>\n\t\t\t\t\t\t\t\t\t\t\t\t\t\t<h3 class=\"services-title\">\n\t\t\t\t\t\t\t\t\tMikroflora des Darmes\t\t\t\t\t\t\t<\/h3>\n\t\t\t\t\t\t\t<div class=\"services-content\">\n<p style=\"text-align: center;\"><span style=\"color: #808080;\">Nahezu 2000 verschiedene Bakterienspezies leben in unserem Darm.<\/span><\/p>\n<p style=\"text-align: center;\"><span style=\"color: #808080;\">Wir brauchen die Bakterien &#8211; und sie brauchen uns ! In dieser Symbiose k\u00f6nnen beide Seiten nebeneinander existieren.<\/span><\/div>\n\t\t\t\t\t<\/div>\n<\/div>\n<\/div><\/div>\n","protected":false},"excerpt":{"rendered":"<p>Gesunde Darmflora = intakte Gesundheit ? Circa 100 Milliarden Bakterien und knapp 2000 verschiedene Spezies leben in unserem Darm. Sie sorgen dort f\u00fcr eine geregelte Verdauung und helfen bei der Aufbereitung der Nahrung. Bakterien in unserem Darm bilden zum Beispiel auch lebenswichtige Stoffe wie Vitamine und Butters\u00e4ure. Die Komplexit\u00e4t der angesiedelten Mikroorganismen nennt sich Darmmikrobiom&#8230;.<\/p>\n","protected":false},"author":3,"featured_media":0,"parent":0,"menu_order":0,"comment_status":"closed","ping_status":"open","template":"","meta":{"footnotes":""},"class_list":["post-8993","page","type-page","status-publish"],"_links":{"self":[{"href":"https:\/\/kliumed.de\/index.php\/wp-json\/wp\/v2\/pages\/8993","targetHints":{"allow":["GET"]}}],"collection":[{"href":"https:\/\/kliumed.de\/index.php\/wp-json\/wp\/v2\/pages"}],"about":[{"href":"https:\/\/kliumed.de\/index.php\/wp-json\/wp\/v2\/types\/page"}],"author":[{"embeddable":true,"href":"https:\/\/kliumed.de\/index.php\/wp-json\/wp\/v2\/users\/3"}],"replies":[{"embeddable":true,"href":"https:\/\/kliumed.de\/index.php\/wp-json\/wp\/v2\/comments?post=8993"}],"version-history":[{"count":16,"href":"https:\/\/kliumed.de\/index.php\/wp-json\/wp\/v2\/pages\/8993\/revisions"}],"predecessor-version":[{"id":10927,"href":"https:\/\/kliumed.de\/index.php\/wp-json\/wp\/v2\/pages\/8993\/revisions\/10927"}],"wp:attachment":[{"href":"https:\/\/kliumed.de\/index.php\/wp-json\/wp\/v2\/media?parent=8993"}],"curies":[{"name":"wp","href":"https:\/\/api.w.org\/{rel}","templated":true}]}}