{"id":9005,"date":"2016-10-15T21:44:21","date_gmt":"2016-10-15T19:44:21","guid":{"rendered":"http:\/\/www.homepage-fuer-firmen.de\/bsp11\/?page_id=9005"},"modified":"2019-12-17T07:20:27","modified_gmt":"2019-12-17T05:20:27","slug":"sportmedizin","status":"publish","type":"page","link":"https:\/\/kliumed.de\/index.php\/sportmedizin\/","title":{"rendered":"Sportmedizinische Leistungen"},"content":{"rendered":"\t\t<div class=\"sep-text single centered\">\n\t\t\t\t\t\t\t<span class=\"sep-text-before\"><div class=\"sep-text-line\"><\/div><\/span>\n\t\t\t\t\t\t<div class=\"content\">\n\t\t\t\t<h2 class=\"text-divider-double\">\nLaktatergometrie<\/h2>\t\t\t<\/div>\n\t\t\t<span class=\"sep-text-after\"><div class=\"sep-text-line\"><\/div><\/span>\n\t\t\t\t\t<\/div>\n\t\n<div class=\"row \"><div class=\"wpv-grid grid-3-4  wpv-first-level first unextended\" style=\"padding-top:0px;padding-bottom:0px\" id=\"wpv-column-ac18afa065d7d895dcd53ae40286dcb3\" ><h2>Fit f\u00fcr den Start in den Sport ?!<\/h2>\n<p>F\u00fcr den sportlichen <strong>Anf\u00e4nger<\/strong> wie auch den <strong>semiprofessionellen Sportler<\/strong> ist es sinnvoll, von Zeit zu Zeit eine solche Leistungsdiagnostik durchf\u00fchren zu lassen. Oft \u00fcbersch\u00e4tzt man seine sportlichen Leistungen und beginnt nicht sorgsam genug mit seinem K\u00f6rper. <strong>\u00dcberlastungen<\/strong> und <strong>\u00dcbers\u00e4uerungen<\/strong> stellen h\u00e4ufig Probleme im Training dar.<\/p>\n<p>Mit einer <strong>Laktatanalyse<\/strong> k\u00f6nnen wir Ihren<strong> optimalen Trainingsbereich<\/strong> feststellen und Sie hierzu beraten. Dass Sie sich beim Sport \u00fcbernehmen, sollte nach einer solchen Untersuchung nicht mehr vorkommen.<\/p>\n<h2>Wie l\u00e4uft die Laktatergometrie ab ?<\/h2>\n<p>Wir f\u00fchren die Untersuchung auf dem <strong>Ergometer<\/strong> durch. Nach vorheriger Untersuchung, Erfragung des Fitnesszustandes und Anamneseerhebung wird die <strong>Belastung<\/strong> zunehmend in <strong>2-3 min\u00fctigem Abstand<\/strong> erh\u00f6ht. Vor, w\u00e4hrend und nach der Untersuchung wird regelm\u00e4\u00dfig mittels Bluttropfen die <strong>Milchs\u00e4urekonzentration<\/strong> (Laktat) am Ohrl\u00e4ppchen, der <strong>Blutdruck<\/strong> und <strong>Herzfrequenz<\/strong> sowie die <strong>Herzstr\u00f6me<\/strong> gepr\u00fcft. Anhand dieser Werte kann man die sog. <strong>individuelle anaerobe Schwelle<\/strong> (IAS) bestimmen und\u00a0im Anschluss Ihr<strong> individuelles Trainingsprofil<\/strong> erstellen.<\/p>\n<p>F\u00fcr den <strong>Leistungssportler<\/strong> oder Profisportler ist diese Art der Untersuchung <strong>nicht<\/strong> ausreichend. Hier sollte eine sog. <strong>Spiroergometrie<\/strong> mit Bestimmung der maximalen Sauerstoffaufnahmekapazit\u00e4t (VO2 Max) in einem <strong>sportmedizinischen Zentrum<\/strong> durchgef\u00fchrt werden.<\/div>\n<div class=\"wpv-grid grid-1-4  wpv-first-level unextended\" style=\"padding-top:0px;padding-bottom:0px\" id=\"wpv-column-d767559d304a32cc7960788096c27ceb\" ><div class=\"services clearfix fullimage has-image has-icon no-button \" style=\"text-align:center;\">\n\t<div class=\"services-inside\">\n\t\t\t\t\t\t\t\t\t<div class=\"thumbnail\">\n\t\t\t\t\t\t\t\t\t\t\t\t\t\t\t\t\t\t<img decoding=\"async\" src=\"https:\/\/kliumed.de\/wp-content\/uploads\/2014\/05\/praeventiv1.jpg\" alt=\"\" \/>\t\t\t\t\t\t\t\t\t\t\t\t\t\t\t<\/div>\n\t\t\t\t\t\t\t\t\t<div class=\"sep-2\"><\/div>\n\t\t\t\t\t\t\t\t\t\t\t\t\t\t\t\t<div class=\"services-content\">\n<p style=\"text-align: center;\"><span style=\"color: #808080;\">F\u00fcr Ihre Sicherheit &#8211; die Laktatanalyse<\/span><\/div>\n\t\t\t\t\t<\/div>\n<\/div>\n<\/div><\/div>\n\t\t<div class=\"sep-text single centered\">\n\t\t\t\t\t\t\t<span class=\"sep-text-before\"><div class=\"sep-text-line\"><\/div><\/span>\n\t\t\t\t\t\t<div class=\"content\">\n\t\t\t\t<h2 class=\"text-divider-double\">\nKinesio &#8211; Taping<\/h2>\t\t\t<\/div>\n\t\t\t<span class=\"sep-text-after\"><div class=\"sep-text-line\"><\/div><\/span>\n\t\t\t\t\t<\/div>\n\t\n<div class=\"row \"><div class=\"wpv-grid grid-1-4  wpv-first-level first unextended animation-fade-in animated-active\" style=\"padding-top:0px;padding-bottom:0px\" id=\"wpv-column-a08a2aebaa1bd722fc7c3647d1271d38\" ><div class=\"services clearfix fullimage has-image has-icon no-button \" style=\"text-align:center;\">\n\t<div class=\"services-inside\">\n\t\t\t\t\t\t\t\t\t<div class=\"thumbnail\">\n\t\t\t\t\t\t\t\t\t\t\t\t\t\t\t\t\t\t<img loading=\"lazy\" decoding=\"async\" width=\"424\" height=\"283\" src=\"https:\/\/kliumed.de\/wp-content\/uploads\/2016\/10\/Fotolia_90603138_XS.jpg\" class=\"attachment-full size-full\" alt=\"\" srcset=\"https:\/\/kliumed.de\/wp-content\/uploads\/2016\/10\/Fotolia_90603138_XS.jpg 424w, https:\/\/kliumed.de\/wp-content\/uploads\/2016\/10\/Fotolia_90603138_XS-300x200.jpg 300w, https:\/\/kliumed.de\/wp-content\/uploads\/2016\/10\/Fotolia_90603138_XS-360x240.jpg 360w, https:\/\/kliumed.de\/wp-content\/uploads\/2016\/10\/Fotolia_90603138_XS-262x175.jpg 262w\" sizes=\"auto, (max-width: 424px) 100vw, 424px\" \/>\t\t\t\t\t\t\t\t\t\t\t\t\t\t\t<\/div>\n\t\t\t\t\t\t\t\t\t<div class=\"sep-2\"><\/div>\n\t\t\t\t\t\t\t\t\t\t\t\t\t\t\t\t<div class=\"services-content\">\n<p style=\"text-align: center;\">Vor Anlage eines Kinesio-Tapes erfolgt eine genaue Funktionsanalyse des gest\u00f6rten Bereichs.<\/div>\n\t\t\t\t\t<\/div>\n<\/div>\n<\/div>\n<div class=\"wpv-grid grid-3-4  wpv-first-level unextended\" style=\"padding-top:0px;padding-bottom:0px\" id=\"wpv-column-bdac32c85e52d53254711c6d16f6de33\" ><h2>Einfache Unterst\u00fctzung des Bewegungsapparates<\/h2>\n<p>Durch gezielte Anwendung von dehnbaren Tapes &#8211; <strong>sog. Kinesio Tapes<\/strong> &#8211; kann eine <strong>Schmerzreduktion und Funktionsverbesserung<\/strong> von Gelenken, Muskeln und Faszien erfolgen. Die <strong>Durchblutung<\/strong> wird verbessert, der<strong> Stoffwechsel lokal angeregt<\/strong> und lymphatische Fl\u00fcssigkeit, welche bei Verletzungen h\u00e4ufig vermehrt produziert wird, schneller abtransportiert.<\/p>\n<h2>Schnell zum Erfolg<\/h2>\n<p>Diese Art der Therapie ist schnell anzuwenden, der Erfolg im Regelfall rasch und <strong>anhaltend<\/strong>. Nach einer Weile wird das Tape meistens gar nicht mehr wahrgenommen &#8211; die <strong>Unterst\u00fctzung bleibt<\/strong> jedoch !<\/p>\n<p>Kinesio-Tapes k\u00f6nnen nach Anwendung mehrere Tage, meist <strong>bis zu einer Woche verbleiben<\/strong>. Selten kann es durch Klebstoffe zu lokalen Unvertr\u00e4glichkeitsreaktionen kommen.<\/div><\/div>\n","protected":false},"excerpt":{"rendered":"<p>Fit f\u00fcr den Start in den Sport ?! F\u00fcr den sportlichen Anf\u00e4nger wie auch den semiprofessionellen Sportler ist es sinnvoll, von Zeit zu Zeit eine solche Leistungsdiagnostik durchf\u00fchren zu lassen. Oft \u00fcbersch\u00e4tzt man seine sportlichen Leistungen und beginnt nicht sorgsam genug mit seinem K\u00f6rper. \u00dcberlastungen und \u00dcbers\u00e4uerungen stellen h\u00e4ufig Probleme im Training dar. Mit einer&#8230;<\/p>\n","protected":false},"author":3,"featured_media":0,"parent":0,"menu_order":0,"comment_status":"closed","ping_status":"open","template":"","meta":{"footnotes":""},"class_list":["post-9005","page","type-page","status-publish"],"_links":{"self":[{"href":"https:\/\/kliumed.de\/index.php\/wp-json\/wp\/v2\/pages\/9005","targetHints":{"allow":["GET"]}}],"collection":[{"href":"https:\/\/kliumed.de\/index.php\/wp-json\/wp\/v2\/pages"}],"about":[{"href":"https:\/\/kliumed.de\/index.php\/wp-json\/wp\/v2\/types\/page"}],"author":[{"embeddable":true,"href":"https:\/\/kliumed.de\/index.php\/wp-json\/wp\/v2\/users\/3"}],"replies":[{"embeddable":true,"href":"https:\/\/kliumed.de\/index.php\/wp-json\/wp\/v2\/comments?post=9005"}],"version-history":[{"count":17,"href":"https:\/\/kliumed.de\/index.php\/wp-json\/wp\/v2\/pages\/9005\/revisions"}],"predecessor-version":[{"id":9961,"href":"https:\/\/kliumed.de\/index.php\/wp-json\/wp\/v2\/pages\/9005\/revisions\/9961"}],"wp:attachment":[{"href":"https:\/\/kliumed.de\/index.php\/wp-json\/wp\/v2\/media?parent=9005"}],"curies":[{"name":"wp","href":"https:\/\/api.w.org\/{rel}","templated":true}]}}